{"id":964,"date":"2024-01-28T02:22:27","date_gmt":"2024-01-28T02:22:27","guid":{"rendered":"http:\/\/sw-themes.com\/porto_dummy\/?page_id=964"},"modified":"2025-03-10T18:12:34","modified_gmt":"2025-03-10T15:12:34","slug":"aydinlatma-olcumu","status":"publish","type":"page","link":"https:\/\/saferteknik.com\/index.php\/ortam-olcumleri\/aydinlatma-olcumu\/","title":{"rendered":"AYDINLATMA \u00d6L\u00c7\u00dcM\u00dc"},"content":{"rendered":"<div class=\"wpb-content-wrapper\"><p>[vc_row content_placement=&#8221;middle&#8221; height=&#8221;auto&#8221; bg_type=&#8221;bg_color&#8221; bg_color_value=&#8221;#efefef&#8221; css=&#8221;.vc_custom_1496606800428{padding-top: -50px !important;padding-bottom: -50px !important;}&#8221;][vc_column][vc_empty_space height=&#8221;20px&#8221;][vc_column_text]<\/p>\n<ul>\n<li>Ayd\u0131nlatman\u0131n en \u00f6nemli g\u00f6revi i\u015fin iyi g\u00f6r\u00fcl\u00fcp yap\u0131labilmesidir.<\/li>\n<li>\u00c7al\u0131\u015fanlar\u0131n sa\u011fl\u0131\u011f\u0131n\u0131n korunmas\u0131 i\u00e7in gerekli uygun fiziksel ko\u015fullar\u0131n ba\u015f\u0131nda \u201cayd\u0131nlatma\u201d gelmektedir.<\/li>\n<li>Yetersiz ve uygun olmayan ayd\u0131nlatma i\u015f verimini etkilemekte, yorgunlu\u011fa neden olmakta ve en \u00f6nemlisi i\u015f kazas\u0131 olas\u0131l\u0131\u011f\u0131n\u0131 art\u0131rmaktad\u0131r.<\/li>\n<\/ul>\n<p>[\/vc_column_text][vc_empty_space height=&#8221;0px&#8221;][\/vc_column][\/vc_row][vc_row height=&#8221;auto&#8221; css=&#8221;.vc_custom_1495988000222{margin-top: 0px !important;}&#8221;][vc_column][vc_empty_space height=&#8221;10px&#8221;][vc_column_text]Ayd\u0131nlatma ihtiyac\u0131, yap\u0131lan isin gereklili\u011fin g\u00f6re de\u011fi\u015fmektedir.\u00a0\u0130htiyac\u0131m\u0131z olan ayd\u0131nlatma iki yol ile sa\u011flan\u0131r: Do\u011fal \u0131\u015f\u0131k ve yapay \u0131\u015f\u0131k. Ye\u015fil binalar\u0131n artt\u0131\u011f\u0131 ve enerji tasarrufunun \u00e7ok \u00f6nemli oldu\u011fu g\u00fcn\u00fcm\u00fczde do\u011fal ayd\u0131nlatman\u0131n \u00f6nemi b\u00fcy\u00fckt\u00fcr. Ofis mimarisi do\u011fal \u0131\u015f\u0131ktan maksimum yararlanacak bi\u00e7imde tasarlanmal\u0131d\u0131r.<\/p>\n<p>Yapay ayd\u0131nlatmaya g\u00f6re daha fazla ayd\u0131nlatma\u00a0\u015fiddetine sahip olmas\u0131ndan dolay\u0131 g\u00fcn\u0131\u015f\u0131\u011f\u0131n\u0131n insanlar \u00fczerinde bir\u00e7ok olumlu etkisi bulunmaktad\u0131r. G\u00fcne\u015fli bir g\u00fcnde a\u00e7\u0131k havada ayd\u0131nlatma\u00a0\u015fiddeti 100.000 l\u00fcks, g\u00f6lgede ise 10.000 l\u00fcks de\u011ferinde olabilmektedir.\u00a0Yapay ayd\u0131nlatma ile i\u015fyerlerinde genellikle 500 l\u00fcks civar\u0131 ayd\u0131nlatma \u015fiddetine ula\u015f\u0131labilmektedir.<\/p>\n<p>\u0130\u015fyerlerinde sa\u011flanan ayd\u0131nlatmada \u0131\u015f\u0131\u011f\u0131n g\u00f6z\u00fc rahats\u0131z etmeyen bir konfora sahip olmas\u0131 ve dengeli bir da\u011f\u0131l\u0131m\u0131 gereklidir. \u00c7al\u0131\u015f\u0131lan plan veya projenin yan\u0131na masa lambas\u0131 konulmas\u0131 gibi do\u011fru noktalara \u0131\u015f\u0131k odaklamas\u0131 uygulanmal\u0131d\u0131r. D\u00fc\u015f\u00fck kontrastl\u0131 \u0131\u015f\u0131k kullanarak \u00e7al\u0131\u015fanlar\u0131n performans\u0131n\u0131 d\u00fc\u015f\u00fcrmemek gerekmektedir. I\u015f\u0131\u011f\u0131n yans\u0131malar\u0131 do\u011fru kullan\u0131lmal\u0131 tavandan, duvardan, yerden veya masalardan ne kadar \u0131\u015f\u0131k yans\u0131t\u0131laca\u011f\u0131 iyi hesaplanmal\u0131d\u0131r. \u0130\u015fyerlerinde ayd\u0131nlatma i\u00e7in kullan\u0131lan \u0131\u015f\u0131k g\u00f6z kama\u015ft\u0131rmamal\u0131, do\u011fru renk ve ton se\u00e7ilmeli, floresanda oldu\u011fu gibi k\u0131rpma olmamal\u0131d\u0131r. Toplam ayd\u0131nlatma hesab\u0131 yap\u0131l\u0131rken g\u00fcn \u0131\u015f\u0131\u011f\u0131 da dikkate al\u0131nmal\u0131d\u0131r.<\/p>\n<p>Ayd\u0131nlatma tipleri do\u011frudan ve dolayl\u0131 olarak ikiye ayr\u0131lmaktad\u0131r. Do\u011frudan ayd\u0131nlatma bir y\u00fczeyin bir kaynaktan d\u00fcz bir hat \u00fczerinde gelen \u0131\u015f\u0131k \u0131s\u0131nlar\u0131 ile ayd\u0131nlat\u0131lmas\u0131d\u0131r. Dolayl\u0131 ayd\u0131nlatmada da\u011f\u0131n\u0131k \u0131\u015f\u0131k olu\u015fmakta ve g\u00f6lgeler olu\u015fmamaktad\u0131r. Genelde y\u00fcksek ayd\u0131nlatma \u015fiddeti yaratarak kama\u015fma riskini en aza indirir ancak ofislerdeki parlak duvar ve tavanlar ekranlar y\u00fczeyinde yans\u0131maya neden olarak \u201cr\u00f6latif\u201d kama\u015fma olu\u015fturabilir. Ayd\u0131nlatmada \u0131\u015f\u0131\u011f\u0131n yans\u0131mas\u0131 da \u00f6nemlidir. Renkler yans\u0131ma d\u00fczeyinin belirlenmesinde \u00f6nemli rol oynar.<\/p>\n<ul>\n<li>Beyaz %75 ve daha fazlas\u0131n\u0131<\/li>\n<li>A\u00e7\u0131k renkler %50-75 aras\u0131 (azalan soguk renkler)<\/li>\n<li>Orta renkler % 20-50 aras\u0131 (parlak s\u0131cak renkler)<\/li>\n<li>Koyu renkler %20 veya daha az miktarda \u0131\u015f\u0131\u011f\u0131 yans\u0131t\u0131rlar.<\/li>\n<\/ul>\n<p>[\/vc_column_text][vc_empty_space height=&#8221;10px&#8221;][\/vc_column][\/vc_row]<\/p>\n<\/div>","protected":false},"excerpt":{"rendered":"<p>[vc_row content_placement=&#8221;middle&#8221; height=&#8221;auto&#8221; bg_type=&#8221;bg_color&#8221; bg_color_value=&#8221;#efefef&#8221; css=&#8221;.vc_custom_1496606800428{padding-top: -50px !important;padding-bottom: -50px !important;}&#8221;][vc_column][vc_empty_space height=&#8221;20px&#8221;][vc_column_text] Ayd\u0131nlatman\u0131n en \u00f6nemli g\u00f6revi i\u015fin iyi g\u00f6r\u00fcl\u00fcp yap\u0131labilmesidir. \u00c7al\u0131\u015fanlar\u0131n sa\u011fl\u0131\u011f\u0131n\u0131n korunmas\u0131 i\u00e7in gerekli uygun fiziksel ko\u015fullar\u0131n ba\u015f\u0131nda \u201cayd\u0131nlatma\u201d gelmektedir. Yetersiz ve uygun olmayan ayd\u0131nlatma i\u015f verimini etkilemekte, yorgunlu\u011fa neden olmakta ve en \u00f6nemlisi i\u015f kazas\u0131 olas\u0131l\u0131\u011f\u0131n\u0131 art\u0131rmaktad\u0131r. [\/vc_column_text][vc_empty_space height=&#8221;0px&#8221;][\/vc_column][\/vc_row][vc_row height=&#8221;auto&#8221; css=&#8221;.vc_custom_1495988000222{margin-top: 0px !important;}&#8221;][vc_column][vc_empty_space height=&#8221;10px&#8221;][vc_column_text]Ayd\u0131nlatma [&hellip;]<\/p>\n","protected":false},"author":1,"featured_media":0,"parent":17,"menu_order":0,"comment_status":"closed","ping_status":"closed","template":"","meta":{"footnotes":""},"class_list":["post-964","page","type-page","status-publish","hentry"],"_links":{"self":[{"href":"https:\/\/saferteknik.com\/index.php\/wp-json\/wp\/v2\/pages\/964","targetHints":{"allow":["GET"]}}],"collection":[{"href":"https:\/\/saferteknik.com\/index.php\/wp-json\/wp\/v2\/pages"}],"about":[{"href":"https:\/\/saferteknik.com\/index.php\/wp-json\/wp\/v2\/types\/page"}],"author":[{"embeddable":true,"href":"https:\/\/saferteknik.com\/index.php\/wp-json\/wp\/v2\/users\/1"}],"replies":[{"embeddable":true,"href":"https:\/\/saferteknik.com\/index.php\/wp-json\/wp\/v2\/comments?post=964"}],"version-history":[{"count":2,"href":"https:\/\/saferteknik.com\/index.php\/wp-json\/wp\/v2\/pages\/964\/revisions"}],"predecessor-version":[{"id":1218,"href":"https:\/\/saferteknik.com\/index.php\/wp-json\/wp\/v2\/pages\/964\/revisions\/1218"}],"up":[{"embeddable":true,"href":"https:\/\/saferteknik.com\/index.php\/wp-json\/wp\/v2\/pages\/17"}],"wp:attachment":[{"href":"https:\/\/saferteknik.com\/index.php\/wp-json\/wp\/v2\/media?parent=964"}],"curies":[{"name":"wp","href":"https:\/\/api.w.org\/{rel}","templated":true}]}}