{"id":24796,"date":"2025-12-11T17:31:27","date_gmt":"2025-12-11T14:31:27","guid":{"rendered":"https:\/\/saferteknik.com\/?page_id=24796"},"modified":"2025-12-11T17:31:27","modified_gmt":"2025-12-11T14:31:27","slug":"yangin-algilama-ve-uyari-sistemleri-periyodik-kontrolu","status":"publish","type":"page","link":"https:\/\/saferteknik.com\/index.php\/yangin-algilama-ve-uyari-sistemleri-periyodik-kontrolu\/","title":{"rendered":"YANGIN ALGILAMA VE UYARI S\u0130STEMLER\u0130 PER\u0130YOD\u0130K KONTROL\u00dc"},"content":{"rendered":"<div class=\"wpb-content-wrapper\"><p>[vc_row conditional_render=&#8221;%5B%7B%22value_role%22%3A%22administrator%22%7D%5D&#8221; css_params=&#8221;&#8221;][vc_column width=&#8221;3\/6&#8243;][vc_empty_space height=&#8221;16px&#8221; css_params=&#8221;&#8221;][vc_column_text css=&#8221;&#8221; css_params=&#8221;&#8221;]Yang\u0131n alg\u0131lama ve uyar\u0131 sistemleri periyodik kontrol\u00fc, binalarda kullan\u0131lan dedekt\u00f6rler,fla\u015f\u00f6rler, sirenler, butonlar, kontrol panelleri ve t\u00fcm yang\u0131n ihbar altyap\u0131s\u0131n\u0131n TS EN 54 standartlar\u0131na ve Binalar\u0131n Yang\u0131ndan Korunmas\u0131 Hakk\u0131nda Y\u00f6netmelik\u2019e uygunlu\u011funun do\u011frulanmas\u0131 amac\u0131yla yap\u0131lan teknik inceleme ve fonksiyon testidir.[\/vc_column_text][vc_column_text css=&#8221;&#8221; css_params=&#8221;&#8221;]<strong>Kontrol kapsam\u0131nda<\/strong>;<\/p>\n<ul>\n<li>Duman ve \u0131s\u0131 dedekt\u00f6rleri g\u00f6rsel olarak incelenir, konum ve montaj uygunluklar\u0131 do\u011frulan\u0131r.<\/li>\n<li>Dedekt\u00f6rler \u00fczerinde fonksiyon testi yap\u0131larak ger\u00e7ek duman\/\u0131s\u0131 sim\u00fclasyonuna tepki s\u00fcreleri de\u011ferlendirilir.<\/li>\n<li>Yang\u0131n ihbar butonlar\u0131, manuel aktivasyon testleri ile kontrol edilir.<\/li>\n<li>Siren ve fla\u015f\u00f6rlerin ses, \u0131\u015f\u0131k ve uyar\u0131 s\u00fcreleri test edilerek sistemin uyar\u0131 seviyeleri do\u011frulan\u0131r.<\/li>\n<li>Yang\u0131n alarm panelinin hata, ar\u0131za, zon izleme ve kay\u0131t fonksiyonlar\u0131 g\u00f6zden ge\u00e7irilir.<\/li>\n<li>Sistem kablaj\u0131, besleme \u00fcniteleri ve yedek g\u00fc\u00e7 kaynaklar\u0131 (ak\u00fcler) standartlara uygunluk a\u00e7\u0131s\u0131ndan kontrol edilir.<\/li>\n<\/ul>\n<p>[\/vc_column_text][vc_column_text css=&#8221;&#8221; css_params=&#8221;&#8221;]Bu kontroller, yang\u0131n durumunda sistemin do\u011fru, h\u0131zl\u0131 ve g\u00fcvenilir \u015fekilde \u00e7al\u0131\u015fmas\u0131n\u0131 sa\u011flayarak can g\u00fcvenli\u011fi ve tesis g\u00fcvenli\u011fini en \u00fcst seviyede korur.[\/vc_column_text][\/vc_column][vc_column width=&#8221;1\/6&#8243;][\/vc_column][vc_column width=&#8221;2\/6&#8243;][vc_empty_space height=&#8221;16px&#8221; css_params=&#8221;&#8221;][vc_single_image image=&#8221;24797&#8243; img_size=&#8221;full&#8221; style=&#8221;vc_box_rounded&#8221; css=&#8221;&#8221; css_params=&#8221;&#8221; label=&#8221;&#8221;][\/vc_column][\/vc_row]<\/p>\n<\/div>","protected":false},"excerpt":{"rendered":"<p>[vc_row conditional_render=&#8221;%5B%7B%22value_role%22%3A%22administrator%22%7D%5D&#8221; css_params=&#8221;&#8221;][vc_column width=&#8221;3\/6&#8243;][vc_empty_space height=&#8221;16px&#8221; css_params=&#8221;&#8221;][vc_column_text css=&#8221;&#8221; css_params=&#8221;&#8221;]Yang\u0131n alg\u0131lama ve uyar\u0131 sistemleri periyodik kontrol\u00fc, binalarda kullan\u0131lan dedekt\u00f6rler,fla\u015f\u00f6rler, sirenler, butonlar, kontrol panelleri ve t\u00fcm yang\u0131n ihbar altyap\u0131s\u0131n\u0131n TS EN 54 standartlar\u0131na ve Binalar\u0131n Yang\u0131ndan Korunmas\u0131 Hakk\u0131nda Y\u00f6netmelik\u2019e uygunlu\u011funun do\u011frulanmas\u0131 amac\u0131yla yap\u0131lan teknik inceleme ve fonksiyon testidir.[\/vc_column_text][vc_column_text css=&#8221;&#8221; css_params=&#8221;&#8221;]Kontrol kapsam\u0131nda; Duman ve \u0131s\u0131 dedekt\u00f6rleri g\u00f6rsel olarak incelenir, [&hellip;]<\/p>\n","protected":false},"author":1,"featured_media":0,"parent":0,"menu_order":0,"comment_status":"closed","ping_status":"closed","template":"","meta":{"footnotes":""},"class_list":["post-24796","page","type-page","status-publish","hentry"],"_links":{"self":[{"href":"https:\/\/saferteknik.com\/index.php\/wp-json\/wp\/v2\/pages\/24796","targetHints":{"allow":["GET"]}}],"collection":[{"href":"https:\/\/saferteknik.com\/index.php\/wp-json\/wp\/v2\/pages"}],"about":[{"href":"https:\/\/saferteknik.com\/index.php\/wp-json\/wp\/v2\/types\/page"}],"author":[{"embeddable":true,"href":"https:\/\/saferteknik.com\/index.php\/wp-json\/wp\/v2\/users\/1"}],"replies":[{"embeddable":true,"href":"https:\/\/saferteknik.com\/index.php\/wp-json\/wp\/v2\/comments?post=24796"}],"version-history":[{"count":1,"href":"https:\/\/saferteknik.com\/index.php\/wp-json\/wp\/v2\/pages\/24796\/revisions"}],"predecessor-version":[{"id":24798,"href":"https:\/\/saferteknik.com\/index.php\/wp-json\/wp\/v2\/pages\/24796\/revisions\/24798"}],"wp:attachment":[{"href":"https:\/\/saferteknik.com\/index.php\/wp-json\/wp\/v2\/media?parent=24796"}],"curies":[{"name":"wp","href":"https:\/\/api.w.org\/{rel}","templated":true}]}}