{"id":24791,"date":"2025-12-11T17:28:39","date_gmt":"2025-12-11T14:28:39","guid":{"rendered":"https:\/\/saferteknik.com\/?page_id=24791"},"modified":"2025-12-11T17:29:27","modified_gmt":"2025-12-11T14:29:27","slug":"jenerator-periyodik-kontrolu","status":"publish","type":"page","link":"https:\/\/saferteknik.com\/index.php\/jenerator-periyodik-kontrolu\/","title":{"rendered":"JENERAT\u00d6R PER\u0130YOD\u0130K KONTROL\u00dc"},"content":{"rendered":"<div class=\"wpb-content-wrapper\"><p>[vc_row conditional_render=&#8221;%5B%7B%22value_role%22%3A%22administrator%22%7D%5D&#8221; css_params=&#8221;&#8221;][vc_column width=&#8221;3\/6&#8243;][vc_empty_space height=&#8221;16px&#8221; css_params=&#8221;&#8221;][vc_column_text css=&#8221;&#8221; css_params=&#8221;&#8221;]Jenerat\u00f6r periyodik kontrol\u00fc, tesislerde kullan\u0131lan dizel veya benzinli jenerat\u00f6rlerin g\u00fcvenli, verimli ve kesintisiz enerji sa\u011flayabilmesi i\u00e7in yap\u0131lan teknik muayene ve \u00f6l\u00e7\u00fcm i\u015flemidir. Kontroller, i\u015f ekipmanlar\u0131n\u0131n g\u00fcvenli kullan\u0131m\u0131na ili\u015fkin y\u00f6netmelik ile TS EN 12601, TS EN 60034 ve ilgili teknik standartlar do\u011frultusunda ger\u00e7ekle\u015ftirilir.[\/vc_column_text][vc_column_text css=&#8221;&#8221; css_params=&#8221;&#8221;]<strong>Kontrol kapsam\u0131nda<\/strong>;<\/p>\n<ul>\n<li>Jenerat\u00f6r\u00fcn g\u00f6vde ve ba\u011flant\u0131 elemanlar\u0131, yak\u0131t ve ya\u011f ka\u00e7aklar\u0131 a\u00e7\u0131s\u0131ndan g\u00f6rsel olarak incelenir,<\/li>\n<li>\u0130zolasyon direnci \u00f6l\u00e7\u00fcm\u00fc, sarg\u0131lar\u0131n elektriksel b\u00fct\u00fcnl\u00fc\u011f\u00fcn\u00fc do\u011frulamak amac\u0131yla yap\u0131l\u0131r,<\/li>\n<li>Topraklama s\u00fcreklili\u011fi ve topraklama direnci kontrol edilerek g\u00fcvenlik seviyeleri de\u011ferlendirilir,<\/li>\n<li>Faz-faz ve faz-n\u00f6tr gerilimleri, frekans de\u011ferleri ve y\u00fck payla\u015f\u0131m\u0131 test edilir,<\/li>\n<li>Otomatik transfer panosu (ATS) \u00e7al\u0131\u015fmas\u0131 ve enerji ge\u00e7i\u015f fonksiyonlar\u0131 test edilir,<\/li>\n<li>Jenerat\u00f6r\u00fcn genel \u00e7al\u0131\u015fma performans\u0131, ses seviyesi ve titre\u015fim kontrol\u00fc g\u00f6zden ge\u00e7irilir.<\/li>\n<\/ul>\n<p>[\/vc_column_text][vc_column_text css=&#8221;&#8221; css_params=&#8221;&#8221;]Bu \u00f6l\u00e7\u00fcm ve testler, jenerat\u00f6r\u00fcn olas\u0131 ar\u0131zalar\u0131 \u00f6nceden tespit etmesini, enerji kesintilerinde g\u00fcvenli \u015fekilde devreye girmesini ve hem tesis ekipmanlar\u0131n\u0131 hem de \u00e7al\u0131\u015fan g\u00fcvenli\u011fini koruyacak \u015fekilde \u00e7al\u0131\u015fmas\u0131n\u0131 sa\u011flar.[\/vc_column_text][\/vc_column][vc_column width=&#8221;1\/6&#8243;][\/vc_column][vc_column width=&#8221;2\/6&#8243;][vc_empty_space height=&#8221;16px&#8221; css_params=&#8221;&#8221;][vc_single_image image=&#8221;24792&#8243; img_size=&#8221;full&#8221; style=&#8221;vc_box_rounded&#8221; css=&#8221;&#8221; css_params=&#8221;&#8221; label=&#8221;&#8221;][\/vc_column][\/vc_row]<\/p>\n<\/div>","protected":false},"excerpt":{"rendered":"<p>[vc_row conditional_render=&#8221;%5B%7B%22value_role%22%3A%22administrator%22%7D%5D&#8221; css_params=&#8221;&#8221;][vc_column width=&#8221;3\/6&#8243;][vc_empty_space height=&#8221;16px&#8221; css_params=&#8221;&#8221;][vc_column_text css=&#8221;&#8221; css_params=&#8221;&#8221;]Jenerat\u00f6r periyodik kontrol\u00fc, tesislerde kullan\u0131lan dizel veya benzinli jenerat\u00f6rlerin g\u00fcvenli, verimli ve kesintisiz enerji sa\u011flayabilmesi i\u00e7in yap\u0131lan teknik muayene ve \u00f6l\u00e7\u00fcm i\u015flemidir. Kontroller, i\u015f ekipmanlar\u0131n\u0131n g\u00fcvenli kullan\u0131m\u0131na ili\u015fkin y\u00f6netmelik ile TS EN 12601, TS EN 60034 ve ilgili teknik standartlar do\u011frultusunda ger\u00e7ekle\u015ftirilir.[\/vc_column_text][vc_column_text css=&#8221;&#8221; css_params=&#8221;&#8221;]Kontrol kapsam\u0131nda; Jenerat\u00f6r\u00fcn g\u00f6vde ve [&hellip;]<\/p>\n","protected":false},"author":1,"featured_media":0,"parent":0,"menu_order":0,"comment_status":"closed","ping_status":"closed","template":"","meta":{"footnotes":""},"class_list":["post-24791","page","type-page","status-publish","hentry"],"_links":{"self":[{"href":"https:\/\/saferteknik.com\/index.php\/wp-json\/wp\/v2\/pages\/24791","targetHints":{"allow":["GET"]}}],"collection":[{"href":"https:\/\/saferteknik.com\/index.php\/wp-json\/wp\/v2\/pages"}],"about":[{"href":"https:\/\/saferteknik.com\/index.php\/wp-json\/wp\/v2\/types\/page"}],"author":[{"embeddable":true,"href":"https:\/\/saferteknik.com\/index.php\/wp-json\/wp\/v2\/users\/1"}],"replies":[{"embeddable":true,"href":"https:\/\/saferteknik.com\/index.php\/wp-json\/wp\/v2\/comments?post=24791"}],"version-history":[{"count":2,"href":"https:\/\/saferteknik.com\/index.php\/wp-json\/wp\/v2\/pages\/24791\/revisions"}],"predecessor-version":[{"id":24795,"href":"https:\/\/saferteknik.com\/index.php\/wp-json\/wp\/v2\/pages\/24791\/revisions\/24795"}],"wp:attachment":[{"href":"https:\/\/saferteknik.com\/index.php\/wp-json\/wp\/v2\/media?parent=24791"}],"curies":[{"name":"wp","href":"https:\/\/api.w.org\/{rel}","templated":true}]}}