{"id":24784,"date":"2025-12-11T17:16:06","date_gmt":"2025-12-11T14:16:06","guid":{"rendered":"https:\/\/saferteknik.com\/?page_id=24784"},"modified":"2025-12-11T17:28:57","modified_gmt":"2025-12-11T14:28:57","slug":"yildirimdan-korunma-tesisati-periyodik-kontrolu","status":"publish","type":"page","link":"https:\/\/saferteknik.com\/index.php\/yildirimdan-korunma-tesisati-periyodik-kontrolu\/","title":{"rendered":"YILDIRIMDAN KORUNMA TES\u0130SATI PER\u0130YOD\u0130K KONTROL\u00dc"},"content":{"rendered":"<div class=\"wpb-content-wrapper\"><p>[vc_row conditional_render=&#8221;%5B%7B%22value_role%22%3A%22administrator%22%7D%5D&#8221; css_params=&#8221;&#8221;][vc_column width=&#8221;3\/6&#8243;][vc_empty_space height=&#8221;16px&#8221; css_params=&#8221;&#8221;][vc_column_text css=&#8221;&#8221; css_params=&#8221;&#8221;]Y\u0131ld\u0131r\u0131mdan korunma tesisat\u0131, y\u0131ld\u0131r\u0131m \u00e7arpmas\u0131 sonucu olu\u015fabilecek zararlar\u0131 \u00f6nlemek veya azaltmak amac\u0131yla binalar ve di\u011fer yap\u0131lar \u00fczerine kurulan koruma sistemidir. Bu tesisat, y\u0131ld\u0131r\u0131m\u0131n g\u00fcvenli bir \u015fekilde yere iletilebilmesi i\u00e7in tasarlanm\u0131\u015ft\u0131r ve genellikle y\u0131ld\u0131r\u0131m \u00e7ubuklar\u0131 (paratonerler), iletkenler ve topraklama sistemlerinden olu\u015fur. Ancak bu tesisatlar\u0131n yaln\u0131zca kurulmas\u0131 de\u011fil, d\u00fczenli olarak kontrol edilmesi de zorunludur (TS EN 62305-1, 2012). Bu kontrol, y\u0131ld\u0131r\u0131m darbelerinin yap\u0131ya verebilece\u011fi hasar\u0131 ve can g\u00fcvenli\u011fi risklerini en aza indirmek i\u00e7in zorunludur.[\/vc_column_text][vc_column_text css=&#8221;&#8221; css_params=&#8221;&#8221;]<strong>Kontrol kapsam\u0131nda<\/strong>;<\/p>\n<ul>\n<li>Yakalama u\u00e7lar\u0131, ini\u015f iletkenleri ve topraklama elektrotlar\u0131 g\u00f6rsel olarak incelenir.<\/li>\n<li>Topraklama direnci, uygun \u00f6l\u00e7\u00fcm y\u00f6ntemleri ile test edilir.<\/li>\n<li>Parafudrlar\u0131n tipi, ba\u011flant\u0131 \u015fekli, a\u015f\u0131r\u0131 gerilim koruma seviyeleri kontrol edilir.<\/li>\n<li>\u0130\u00e7 ve d\u0131\u015f sistemlerin e\u015fpotansiyel dengelemesi de\u011ferlendirilir.<\/li>\n<li>Tesisat\u0131n TS EN 62305-1-2-3-4, TS EN 62561 ve ilgili mevzuat gerekliliklerine uygunlu\u011fu do\u011frulan\u0131r.<\/li>\n<\/ul>\n<p>[\/vc_column_text][vc_column_text css=&#8221;&#8221; css_params=&#8221;&#8221;]Y\u0131ld\u0131r\u0131mdan korunma tesisat\u0131n\u0131n d\u00fczenli periyodik olarak kontrol edilmesi; y\u0131ld\u0131r\u0131m kaynakl\u0131 yang\u0131n, patlama, elektriksel hasar ve cihaz ar\u0131zalar\u0131n\u0131 \u00f6nleyerek yap\u0131lar\u0131n ve \u00e7al\u0131\u015fanlar\u0131n g\u00fcvenli\u011fini sa\u011flar.[\/vc_column_text][\/vc_column][vc_column width=&#8221;1\/6&#8243;][\/vc_column][vc_column width=&#8221;2\/6&#8243;][vc_empty_space height=&#8221;16px&#8221; css_params=&#8221;&#8221;][vc_single_image image=&#8221;24787&#8243; img_size=&#8221;full&#8221; style=&#8221;vc_box_rounded&#8221; css=&#8221;&#8221; css_params=&#8221;&#8221;][\/vc_column][\/vc_row]<\/p>\n<\/div>","protected":false},"excerpt":{"rendered":"<p>[vc_row conditional_render=&#8221;%5B%7B%22value_role%22%3A%22administrator%22%7D%5D&#8221; css_params=&#8221;&#8221;][vc_column width=&#8221;3\/6&#8243;][vc_empty_space height=&#8221;16px&#8221; css_params=&#8221;&#8221;][vc_column_text css=&#8221;&#8221; css_params=&#8221;&#8221;]Y\u0131ld\u0131r\u0131mdan korunma tesisat\u0131, y\u0131ld\u0131r\u0131m \u00e7arpmas\u0131 sonucu olu\u015fabilecek zararlar\u0131 \u00f6nlemek veya azaltmak amac\u0131yla binalar ve di\u011fer yap\u0131lar \u00fczerine kurulan koruma sistemidir. Bu tesisat, y\u0131ld\u0131r\u0131m\u0131n g\u00fcvenli bir \u015fekilde yere iletilebilmesi i\u00e7in tasarlanm\u0131\u015ft\u0131r ve genellikle y\u0131ld\u0131r\u0131m \u00e7ubuklar\u0131 (paratonerler), iletkenler ve topraklama sistemlerinden olu\u015fur. Ancak bu tesisatlar\u0131n yaln\u0131zca kurulmas\u0131 de\u011fil, d\u00fczenli olarak [&hellip;]<\/p>\n","protected":false},"author":1,"featured_media":0,"parent":0,"menu_order":0,"comment_status":"closed","ping_status":"closed","template":"","meta":{"footnotes":""},"class_list":["post-24784","page","type-page","status-publish","hentry"],"_links":{"self":[{"href":"https:\/\/saferteknik.com\/index.php\/wp-json\/wp\/v2\/pages\/24784","targetHints":{"allow":["GET"]}}],"collection":[{"href":"https:\/\/saferteknik.com\/index.php\/wp-json\/wp\/v2\/pages"}],"about":[{"href":"https:\/\/saferteknik.com\/index.php\/wp-json\/wp\/v2\/types\/page"}],"author":[{"embeddable":true,"href":"https:\/\/saferteknik.com\/index.php\/wp-json\/wp\/v2\/users\/1"}],"replies":[{"embeddable":true,"href":"https:\/\/saferteknik.com\/index.php\/wp-json\/wp\/v2\/comments?post=24784"}],"version-history":[{"count":6,"href":"https:\/\/saferteknik.com\/index.php\/wp-json\/wp\/v2\/pages\/24784\/revisions"}],"predecessor-version":[{"id":24794,"href":"https:\/\/saferteknik.com\/index.php\/wp-json\/wp\/v2\/pages\/24784\/revisions\/24794"}],"wp:attachment":[{"href":"https:\/\/saferteknik.com\/index.php\/wp-json\/wp\/v2\/media?parent=24784"}],"curies":[{"name":"wp","href":"https:\/\/api.w.org\/{rel}","templated":true}]}}