{"id":24778,"date":"2025-12-11T17:00:43","date_gmt":"2025-12-11T14:00:43","guid":{"rendered":"https:\/\/saferteknik.com\/?page_id=24778"},"modified":"2025-12-11T17:01:34","modified_gmt":"2025-12-11T14:01:34","slug":"topraklama-olcumu","status":"publish","type":"page","link":"https:\/\/saferteknik.com\/index.php\/topraklama-olcumu\/","title":{"rendered":"TOPRAKLAMA \u00d6L\u00c7\u00dcM\u00dc"},"content":{"rendered":"<div class=\"wpb-content-wrapper\"><p>[vc_row conditional_render=&#8221;%5B%7B%22value_role%22%3A%22administrator%22%7D%5D&#8221; css_params=&#8221;&#8221;][vc_column width=&#8221;3\/6&#8243;][vc_column_text css=&#8221;&#8221; css_params=&#8221;&#8221;]Topraklama \u00f6l\u00e7\u00fcm\u00fc, elektrik tesisatlar\u0131n\u0131n ve koruma sistemlerinin g\u00fcvenli \u00e7al\u0131\u015fmas\u0131n\u0131 sa\u011flamak amac\u0131yla topraklama direncinin ve topraklama tesisat\u0131n\u0131n uygunlu\u011funun kontrol edilmesi i\u015flemidir. Bu \u00f6l\u00e7\u00fcm, can ve mal g\u00fcvenli\u011fi i\u00e7in kritik olup, ar\u0131za ak\u0131mlar\u0131n\u0131n g\u00fcvenli \u015fekilde topra\u011fa iletilip iletilmedi\u011fini de\u011ferlendirir. Topraklama \u00e7ok hayati bir \u00f6neme sahip olup devredeki olu\u015fan ka\u00e7a\u011f\u0131n insan \u00fczerinden de\u011fil de direnci daha k\u00fc\u00e7\u00fck olan iletken \u00fczerinden topra\u011fa akmas\u0131n\u0131 sa\u011flamakt\u0131r. Bu sebepten dolay\u0131 elektrik tesislerinde ve elektrik cihazlar\u0131n\u0131n bulundu\u011fu yerlerde topraklama yapmak kanuni bir zorunluluk haline gelmi\u015ftir.<\/p>\n<p>Topraklama sisteminin etkin \u00e7al\u0131\u015fmas\u0131, elektrik ka\u00e7aklar\u0131na ba\u011fl\u0131 can ve mal kay\u0131plar\u0131n\u0131n \u00f6nlenmesi a\u00e7\u0131s\u0131ndan kritik \u00f6neme sahiptir.[\/vc_column_text][vc_column_text css=&#8221;&#8221; css_params=&#8221;&#8221;]<strong>Kontrol s\u0131ras\u0131nda;<\/strong><\/p>\n<ul>\n<li>Topraklama direnci, uygun test y\u00f6ntemleri (3 nokta, 4 nokta, klemp metodu) kullan\u0131larak \u00f6l\u00e7\u00fcl\u00fcr.<\/li>\n<li>Tesisat\u0131n iletkenlik s\u00fcreklili\u011fi, ba\u011flant\u0131 b\u00fct\u00fcnl\u00fc\u011f\u00fc ve koruma iletkenlerinin uygunlu\u011fu incelenir.<\/li>\n<li>Topraklama baras\u0131, iletken kesitleri, korozyon durumu, ba\u011flant\u0131 noktalar\u0131 ve e\u015fpotansiyel baralar g\u00f6rsel olarak de\u011ferlendirilir.<\/li>\n<li>Tesisat\u0131n TS EN 60079, TS EN 60364 ve ilgili mevzuat gerekliliklerine uygunlu\u011fu kontrol edilir.<\/li>\n<\/ul>\n<p>[\/vc_column_text][\/vc_column][vc_column width=&#8221;1\/6&#8243;][\/vc_column][vc_column width=&#8221;2\/6&#8243;][vc_empty_space][vc_single_image image=&#8221;24779&#8243; img_size=&#8221;full&#8221; style=&#8221;vc_box_rounded&#8221; css=&#8221;&#8221; css_params=&#8221;&#8221; label=&#8221;&#8221;][\/vc_column][\/vc_row][vc_row][vc_column][vc_column_text css=&#8221;&#8221; css_params=&#8221;&#8221;]Topraklama \u00f6l\u00e7\u00fcmlerinin d\u00fczenli periyodik olarak yap\u0131lmas\u0131; elektrik \u00e7arpmas\u0131 riskini azalt\u0131r, ka\u00e7ak ak\u0131m ve k\u0131sa devre durumlar\u0131nda koruma sistemlerinin do\u011fru \u00e7al\u0131\u015fmas\u0131n\u0131 sa\u011flar ve i\u015fletme s\u00fcreklili\u011fini art\u0131r\u0131r.[\/vc_column_text][\/vc_column][\/vc_row]<\/p>\n<\/div>","protected":false},"excerpt":{"rendered":"<p>[vc_row conditional_render=&#8221;%5B%7B%22value_role%22%3A%22administrator%22%7D%5D&#8221; css_params=&#8221;&#8221;][vc_column width=&#8221;3\/6&#8243;][vc_column_text css=&#8221;&#8221; css_params=&#8221;&#8221;]Topraklama \u00f6l\u00e7\u00fcm\u00fc, elektrik tesisatlar\u0131n\u0131n ve koruma sistemlerinin g\u00fcvenli \u00e7al\u0131\u015fmas\u0131n\u0131 sa\u011flamak amac\u0131yla topraklama direncinin ve topraklama tesisat\u0131n\u0131n uygunlu\u011funun kontrol edilmesi i\u015flemidir. Bu \u00f6l\u00e7\u00fcm, can ve mal g\u00fcvenli\u011fi i\u00e7in kritik olup, ar\u0131za ak\u0131mlar\u0131n\u0131n g\u00fcvenli \u015fekilde topra\u011fa iletilip iletilmedi\u011fini de\u011ferlendirir. Topraklama \u00e7ok hayati bir \u00f6neme sahip olup devredeki olu\u015fan ka\u00e7a\u011f\u0131n insan \u00fczerinden de\u011fil [&hellip;]<\/p>\n","protected":false},"author":1,"featured_media":0,"parent":0,"menu_order":0,"comment_status":"closed","ping_status":"closed","template":"","meta":{"footnotes":""},"class_list":["post-24778","page","type-page","status-publish","hentry"],"_links":{"self":[{"href":"https:\/\/saferteknik.com\/index.php\/wp-json\/wp\/v2\/pages\/24778","targetHints":{"allow":["GET"]}}],"collection":[{"href":"https:\/\/saferteknik.com\/index.php\/wp-json\/wp\/v2\/pages"}],"about":[{"href":"https:\/\/saferteknik.com\/index.php\/wp-json\/wp\/v2\/types\/page"}],"author":[{"embeddable":true,"href":"https:\/\/saferteknik.com\/index.php\/wp-json\/wp\/v2\/users\/1"}],"replies":[{"embeddable":true,"href":"https:\/\/saferteknik.com\/index.php\/wp-json\/wp\/v2\/comments?post=24778"}],"version-history":[{"count":4,"href":"https:\/\/saferteknik.com\/index.php\/wp-json\/wp\/v2\/pages\/24778\/revisions"}],"predecessor-version":[{"id":24783,"href":"https:\/\/saferteknik.com\/index.php\/wp-json\/wp\/v2\/pages\/24778\/revisions\/24783"}],"wp:attachment":[{"href":"https:\/\/saferteknik.com\/index.php\/wp-json\/wp\/v2\/media?parent=24778"}],"curies":[{"name":"wp","href":"https:\/\/api.w.org\/{rel}","templated":true}]}}