{"id":24733,"date":"2025-11-26T15:59:54","date_gmt":"2025-11-26T12:59:54","guid":{"rendered":"https:\/\/saferteknik.com\/?page_id=24733"},"modified":"2026-04-08T14:32:09","modified_gmt":"2026-04-08T11:32:09","slug":"akreditasyon-kapsami-disinda-verilen-hizmet-listesi","status":"publish","type":"page","link":"https:\/\/saferteknik.com\/index.php\/akreditasyon-kapsami-disinda-verilen-hizmet-listesi\/","title":{"rendered":"AKRED\u0130TASYON KAPSAMI DI\u015eINDA VER\u0130LEN H\u0130ZMET L\u0130STES\u0130"},"content":{"rendered":"<div class=\"wpb-content-wrapper\"><p>[vc_row][vc_column][vc_raw_html css=&#8221;&#8221; css_params=&#8221;&#8221;]JTNDaWZyYW1lJTIwc3JjJTNEJTIyaHR0cHMlM0ElMkYlMkZzYWZlcnRla25pay5jb20lMkZ3cC1jb250ZW50JTJGdXBsb2FkcyUyRjIwMjYlMkYwNCUyRlNGUi1MUy4yMS1Ba3JlZGl0YXN5b24tS2Fwc2FtaS1IYXJpY2luZGUtVmVyaWxlbi1QZXJpeW9kaWstS29udHJvbC1IaXptZXRpLUxpc3Rlc2kucGRmJTIyJTIwd2lkdGglM0QlMjIxNDAwJTIyJTIwaGVpZ2h0JTNEJTIyMTAwMCUyMiUyMGZyYW1lYm9yZGVyJTNEJTIyMCUyMiUyMG1hcmdpbmhlaWdodCUzRCUyMjAlMjIlMjBtYXJnaW53aWR0aCUzRCUyMjAlMjIlM0VZJUMzJUJDa2xlbml5b3IlRTIlODAlQTYlM0MlMkZpZnJhbWUlM0U=[\/vc_raw_html][\/vc_column][\/vc_row]<\/p>\n<\/div>","protected":false},"excerpt":{"rendered":"<p>[vc_row][vc_column][vc_raw_html css=&#8221;&#8221; css_params=&#8221;&#8221;]JTNDaWZyYW1lJTIwc3JjJTNEJTIyaHR0cHMlM0ElMkYlMkZzYWZlcnRla25pay5jb20lMkZ3cC1jb250ZW50JTJGdXBsb2FkcyUyRjIwMjYlMkYwNCUyRlNGUi1MUy4yMS1Ba3JlZGl0YXN5b24tS2Fwc2FtaS1IYXJpY2luZGUtVmVyaWxlbi1QZXJpeW9kaWstS29udHJvbC1IaXptZXRpLUxpc3Rlc2kucGRmJTIyJTIwd2lkdGglM0QlMjIxNDAwJTIyJTIwaGVpZ2h0JTNEJTIyMTAwMCUyMiUyMGZyYW1lYm9yZGVyJTNEJTIyMCUyMiUyMG1hcmdpbmhlaWdodCUzRCUyMjAlMjIlMjBtYXJnaW53aWR0aCUzRCUyMjAlMjIlM0VZJUMzJUJDa2xlbml5b3IlRTIlODAlQTYlM0MlMkZpZnJhbWUlM0U=[\/vc_raw_html][\/vc_column][\/vc_row]<\/p>\n","protected":false},"author":1,"featured_media":0,"parent":0,"menu_order":0,"comment_status":"closed","ping_status":"closed","template":"","meta":{"footnotes":""},"class_list":["post-24733","page","type-page","status-publish","hentry"],"_links":{"self":[{"href":"https:\/\/saferteknik.com\/index.php\/wp-json\/wp\/v2\/pages\/24733","targetHints":{"allow":["GET"]}}],"collection":[{"href":"https:\/\/saferteknik.com\/index.php\/wp-json\/wp\/v2\/pages"}],"about":[{"href":"https:\/\/saferteknik.com\/index.php\/wp-json\/wp\/v2\/types\/page"}],"author":[{"embeddable":true,"href":"https:\/\/saferteknik.com\/index.php\/wp-json\/wp\/v2\/users\/1"}],"replies":[{"embeddable":true,"href":"https:\/\/saferteknik.com\/index.php\/wp-json\/wp\/v2\/comments?post=24733"}],"version-history":[{"count":7,"href":"https:\/\/saferteknik.com\/index.php\/wp-json\/wp\/v2\/pages\/24733\/revisions"}],"predecessor-version":[{"id":24835,"href":"https:\/\/saferteknik.com\/index.php\/wp-json\/wp\/v2\/pages\/24733\/revisions\/24835"}],"wp:attachment":[{"href":"https:\/\/saferteknik.com\/index.php\/wp-json\/wp\/v2\/media?parent=24733"}],"curies":[{"name":"wp","href":"https:\/\/api.w.org\/{rel}","templated":true}]}}