{"id":24491,"date":"2025-06-19T17:15:37","date_gmt":"2025-06-19T14:15:37","guid":{"rendered":"https:\/\/saferteknik.com\/?page_id=24491"},"modified":"2025-06-19T17:15:37","modified_gmt":"2025-06-19T14:15:37","slug":"elektrik-ic-tesisleri-yonetmeligi-2","status":"publish","type":"page","link":"https:\/\/saferteknik.com\/index.php\/elektrik-ic-tesisleri-yonetmeligi-2\/","title":{"rendered":"ELEKTR\u0130K \u0130\u00c7 TES\u0130SLER\u0130 Y\u00d6NETMEL\u0130\u011e\u0130"},"content":{"rendered":"<div class=\"wpb-content-wrapper\"><p>[vc_row][vc_column][vc_raw_html css=&#8221;&#8221; css_params=&#8221;&#8221;]JTNDaWZyYW1lJTIwc3JjJTNEJTIyaHR0cHMlM0ElMkYlMkZzYWZlcnRla25pay5jb20lMkZ3cC1jb250ZW50JTJGdXBsb2FkcyUyRjIwMjUlMkYwNiUyRkVMRUtUUklLLUlDLVRFU0lTTEVSSS1ZT05FVE1FTElHSS5wZGYlMjIlMjB3aWR0aCUzRCUyMjE0MDAlMjIlMjBoZWlnaHQlM0QlMjIyMDAwJTIyJTIwZnJhbWVib3JkZXIlM0QlMjIwJTIyJTIwbWFyZ2luaGVpZ2h0JTNEJTIyMCUyMiUyMG1hcmdpbndpZHRoJTNEJTIyMCUyMiUzRVklQzMlQkNrbGVuaXlvciVFMiU4MCVBNiUzQyUyRmlmcmFtZSUzRQ==[\/vc_raw_html][\/vc_column][\/vc_row]<\/p>\n<\/div>","protected":false},"excerpt":{"rendered":"<p>[vc_row][vc_column][vc_raw_html css=&#8221;&#8221; css_params=&#8221;&#8221;]JTNDaWZyYW1lJTIwc3JjJTNEJTIyaHR0cHMlM0ElMkYlMkZzYWZlcnRla25pay5jb20lMkZ3cC1jb250ZW50JTJGdXBsb2FkcyUyRjIwMjUlMkYwNiUyRkVMRUtUUklLLUlDLVRFU0lTTEVSSS1ZT05FVE1FTElHSS5wZGYlMjIlMjB3aWR0aCUzRCUyMjE0MDAlMjIlMjBoZWlnaHQlM0QlMjIyMDAwJTIyJTIwZnJhbWVib3JkZXIlM0QlMjIwJTIyJTIwbWFyZ2luaGVpZ2h0JTNEJTIyMCUyMiUyMG1hcmdpbndpZHRoJTNEJTIyMCUyMiUzRVklQzMlQkNrbGVuaXlvciVFMiU4MCVBNiUzQyUyRmlmcmFtZSUzRQ==[\/vc_raw_html][\/vc_column][\/vc_row]<\/p>\n","protected":false},"author":1,"featured_media":0,"parent":0,"menu_order":0,"comment_status":"closed","ping_status":"closed","template":"","meta":{"footnotes":""},"class_list":["post-24491","page","type-page","status-publish","hentry"],"_links":{"self":[{"href":"https:\/\/saferteknik.com\/index.php\/wp-json\/wp\/v2\/pages\/24491","targetHints":{"allow":["GET"]}}],"collection":[{"href":"https:\/\/saferteknik.com\/index.php\/wp-json\/wp\/v2\/pages"}],"about":[{"href":"https:\/\/saferteknik.com\/index.php\/wp-json\/wp\/v2\/types\/page"}],"author":[{"embeddable":true,"href":"https:\/\/saferteknik.com\/index.php\/wp-json\/wp\/v2\/users\/1"}],"replies":[{"embeddable":true,"href":"https:\/\/saferteknik.com\/index.php\/wp-json\/wp\/v2\/comments?post=24491"}],"version-history":[{"count":1,"href":"https:\/\/saferteknik.com\/index.php\/wp-json\/wp\/v2\/pages\/24491\/revisions"}],"predecessor-version":[{"id":24495,"href":"https:\/\/saferteknik.com\/index.php\/wp-json\/wp\/v2\/pages\/24491\/revisions\/24495"}],"wp:attachment":[{"href":"https:\/\/saferteknik.com\/index.php\/wp-json\/wp\/v2\/media?parent=24491"}],"curies":[{"name":"wp","href":"https:\/\/api.w.org\/{rel}","templated":true}]}}