{"id":24485,"date":"2025-06-19T17:02:26","date_gmt":"2025-06-19T14:02:26","guid":{"rendered":"https:\/\/saferteknik.com\/?page_id=24485"},"modified":"2025-06-19T17:10:59","modified_gmt":"2025-06-19T14:10:59","slug":"is-sagligi-ve-guvenligi-kanunu","status":"publish","type":"page","link":"https:\/\/saferteknik.com\/index.php\/is-sagligi-ve-guvenligi-kanunu\/","title":{"rendered":"\u0130\u015e SA\u011eLI\u011eI VE G\u00dcVENL\u0130\u011e\u0130 KANUNU"},"content":{"rendered":"<div class=\"wpb-content-wrapper\"><p>[vc_row][vc_column][vc_raw_html css=&#8221;&#8221; css_params=&#8221;&#8221;]JTNDaWZyYW1lJTIwc3JjJTNEJTIyaHR0cHMlM0ElMkYlMkZzYWZlcnRla25pay5jb20lMkZ3cC1jb250ZW50JTJGdXBsb2FkcyUyRjIwMjUlMkYwNiUyRklTLVNBR0xJR0ktVkUtR1VWRU5MSUdJLUtBTlVOVS02MzMxLnBkZiUyMiUyMHdpZHRoJTNEJTIyMTQwMCUyMiUyMGhlaWdodCUzRCUyMjIwMDAlMjIlMjBmcmFtZWJvcmRlciUzRCUyMjAlMjIlMjBtYXJnaW5oZWlnaHQlM0QlMjIwJTIyJTIwbWFyZ2lud2lkdGglM0QlMjIwJTIyJTNFWSVDMyVCQ2tsZW5peW9yJUUyJTgwJUE2JTNDJTJGaWZyYW1lJTNF[\/vc_raw_html][\/vc_column][\/vc_row]<\/p>\n<\/div>","protected":false},"excerpt":{"rendered":"<p>[vc_row][vc_column][vc_raw_html css=&#8221;&#8221; css_params=&#8221;&#8221;]JTNDaWZyYW1lJTIwc3JjJTNEJTIyaHR0cHMlM0ElMkYlMkZzYWZlcnRla25pay5jb20lMkZ3cC1jb250ZW50JTJGdXBsb2FkcyUyRjIwMjUlMkYwNiUyRklTLVNBR0xJR0ktVkUtR1VWRU5MSUdJLUtBTlVOVS02MzMxLnBkZiUyMiUyMHdpZHRoJTNEJTIyMTQwMCUyMiUyMGhlaWdodCUzRCUyMjIwMDAlMjIlMjBmcmFtZWJvcmRlciUzRCUyMjAlMjIlMjBtYXJnaW5oZWlnaHQlM0QlMjIwJTIyJTIwbWFyZ2lud2lkdGglM0QlMjIwJTIyJTNFWSVDMyVCQ2tsZW5peW9yJUUyJTgwJUE2JTNDJTJGaWZyYW1lJTNF[\/vc_raw_html][\/vc_column][\/vc_row]<\/p>\n","protected":false},"author":1,"featured_media":0,"parent":0,"menu_order":0,"comment_status":"closed","ping_status":"closed","template":"","meta":{"footnotes":""},"class_list":["post-24485","page","type-page","status-publish","hentry"],"_links":{"self":[{"href":"https:\/\/saferteknik.com\/index.php\/wp-json\/wp\/v2\/pages\/24485","targetHints":{"allow":["GET"]}}],"collection":[{"href":"https:\/\/saferteknik.com\/index.php\/wp-json\/wp\/v2\/pages"}],"about":[{"href":"https:\/\/saferteknik.com\/index.php\/wp-json\/wp\/v2\/types\/page"}],"author":[{"embeddable":true,"href":"https:\/\/saferteknik.com\/index.php\/wp-json\/wp\/v2\/users\/1"}],"replies":[{"embeddable":true,"href":"https:\/\/saferteknik.com\/index.php\/wp-json\/wp\/v2\/comments?post=24485"}],"version-history":[{"count":2,"href":"https:\/\/saferteknik.com\/index.php\/wp-json\/wp\/v2\/pages\/24485\/revisions"}],"predecessor-version":[{"id":24490,"href":"https:\/\/saferteknik.com\/index.php\/wp-json\/wp\/v2\/pages\/24485\/revisions\/24490"}],"wp:attachment":[{"href":"https:\/\/saferteknik.com\/index.php\/wp-json\/wp\/v2\/media?parent=24485"}],"curies":[{"name":"wp","href":"https:\/\/api.w.org\/{rel}","templated":true}]}}