{"id":17,"date":"2017-01-19T13:59:10","date_gmt":"2017-01-19T13:59:10","guid":{"rendered":"http:\/\/sw-themes.com\/porto_dummy\/?page_id=17"},"modified":"2025-04-12T21:10:04","modified_gmt":"2025-04-12T18:10:04","slug":"ortam-olcumleri","status":"publish","type":"page","link":"https:\/\/saferteknik.com\/index.php\/ortam-olcumleri\/","title":{"rendered":"Ortam \u00d6l\u00e7\u00fcmleri"},"content":{"rendered":"<div class=\"wpb-content-wrapper\"><p>[vc_row is_section=&#8221;yes&#8221; remove_margin_top=&#8221;yes&#8221; remove_margin_bottom=&#8221;yes&#8221; remove_border=&#8221;yes&#8221; animation_delay=&#8221;200&#8243; el_class=&#8221;custom-info-box&#8221; css=&#8221;.vc_custom_1744481346040{padding-top: 19px !important;padding-bottom: 57px !important;background-color: var(&#8211;porto-light-color) !important;}&#8221; conditional_render=&#8221;%5B%7B%22value_role%22%3A%22administrator%22%7D%5D&#8221; animation_type=&#8221;fadeIn&#8221; css_params=&#8221;&#8221;][vc_column][vc_row_inner css_params=&#8221;&#8221;][vc_column_inner width=&#8221;1\/6&#8243; offset=&#8221;vc_col-md-6&#8243; css_params=&#8221;&#8221;]<a class=\"porto-sicon-box-link\" href=\"https:\/\/saferteknik.com\/index.php\/ortam-olcumleri\/termal-konfor-olcumu\/\"><div class=\"porto-sicon-box  vc_custom_1744470945014 mb-0  wpb_custom_224fb9120dc48e87ceb8ca033bb8b5f2 hover-icon-right default-icon flex-wrap\"><div class=\"porto-sicon-default\"><div class=\"porto-just-icon-wrapper porto-sicon-img  porto-icon-9f5d1cfb45d27d96b50bf473aebba227\" style=\"font-size: 88px;\"><img loading=\"lazy\" decoding=\"async\" class=\"img-icon\" alt=\"\" src=\"https:\/\/saferteknik.com\/wp-content\/uploads\/2025\/02\/TERMAL-KONFOR-OLCUMU.png\" width=\"88\" height=\"89\" \/><\/div><\/div><div class=\"porto-sicon-header\" style=\"margin-bottom:-1px;\"><h3 class=\"porto-sicon-title\" style=\"\">TERMAL KONFOR \u00d6L\u00c7\u00dcM\u00dc<\/h3><\/div> <!-- header --><div class=\"porto-sicon-description\" style=\"color:#5e5e5e;\">Termal konfor \u00f6l\u00e7\u00fcm\u00fc ile \u00e7al\u0131\u015fma ortam\u0131n\u0131z\u0131n s\u0131cakl\u0131k, nem ve hava ak\u0131\u015f\u0131 dengesini analiz ederek ideal ko\u015fullar\u0131 sa\u011flay\u0131n!<\/div> <!-- description --><\/div><!-- porto-sicon-box --><\/a>[\/vc_column_inner][vc_column_inner width=&#8221;1\/6&#8243; offset=&#8221;vc_col-md-6&#8243; css_params=&#8221;&#8221;]<a class=\"porto-sicon-box-link\" href=\"https:\/\/saferteknik.com\/index.php\/ortam-olcumleri\/aydinlatma-olcumu\/\"><div class=\"porto-sicon-box  vc_custom_1744470924091 mb-0  wpb_custom_224fb9120dc48e87ceb8ca033bb8b5f2 hover-icon-right default-icon flex-wrap\"><div class=\"porto-sicon-default\"><div class=\"porto-just-icon-wrapper porto-sicon-img  porto-icon-9f5d1cfb45d27d96b50bf473aebba227\" style=\"font-size: 88px;\"><img loading=\"lazy\" decoding=\"async\" class=\"img-icon\" alt=\"\" src=\"https:\/\/saferteknik.com\/wp-content\/uploads\/2025\/02\/AYDINLATMA-OLCUMU.png\" width=\"88\" height=\"89\" \/><\/div><\/div><div class=\"porto-sicon-header\" style=\"margin-bottom:-1px;\"><h3 class=\"porto-sicon-title\" style=\"\">AYDINLATMA \u00d6L\u00c7\u00dcM\u00dc<\/h3><\/div> <!-- header --><div class=\"porto-sicon-description\" style=\"color:#5e5e5e;\">Safer Teknik ile ayd\u0131nlatma \u00f6l\u00e7\u00fcmleriyle i\u015f yerinizde g\u00fcvenli ve verimli bir \u0131\u015f\u0131k ortam\u0131 sa\u011flay\u0131n!<\/div> <!-- description --><\/div><!-- porto-sicon-box --><\/a>[\/vc_column_inner][vc_column_inner width=&#8221;1\/6&#8243; offset=&#8221;vc_col-md-6&#8243; css_params=&#8221;&#8221;]<a class=\"porto-sicon-box-link\" href=\"https:\/\/saferteknik.com\/index.php\/ortam-olcumleri\/gurultu-maruziyeti-olcumu\/\"><div class=\"porto-sicon-box  vc_custom_1744470903444 mb-0  wpb_custom_224fb9120dc48e87ceb8ca033bb8b5f2 hover-icon-right default-icon flex-wrap\"><div class=\"porto-sicon-default\"><div class=\"porto-just-icon-wrapper porto-sicon-img  porto-icon-9f5d1cfb45d27d96b50bf473aebba227\" style=\"font-size: 88px;\"><img loading=\"lazy\" decoding=\"async\" class=\"img-icon\" alt=\"\" src=\"https:\/\/saferteknik.com\/wp-content\/uploads\/2025\/02\/GURULTU-MARUZIYETI-OLCUMU.png\" width=\"88\" height=\"89\" \/><\/div><\/div><div class=\"porto-sicon-header\" style=\"margin-bottom:-1px;\"><h3 class=\"porto-sicon-title\" style=\"\">G\u00dcR\u00dcLT\u00dc MARUZ\u0130YET\u0130 \u00d6L\u00c7\u00dcM\u00dc<\/h3><\/div> <!-- header --><div class=\"porto-sicon-description\" style=\"color:#5e5e5e;\">\u0130\u015fyerlerinde \u00e7al\u0131\u015fanlar\u0131n sa\u011fl\u0131\u011f\u0131n\u0131 korumak i\u00e7in profesyonel g\u00fcr\u00fclt\u00fc maruziyeti \u00f6l\u00e7\u00fcm\u00fc hizmeti!<\/div> <!-- description --><\/div><!-- porto-sicon-box --><\/a>[\/vc_column_inner][vc_column_inner width=&#8221;1\/6&#8243; offset=&#8221;vc_col-md-6&#8243; css_params=&#8221;&#8221;]<a class=\"porto-sicon-box-link\" href=\"https:\/\/saferteknik.com\/index.php\/ortam-olcumleri\/titresim-maruziyeti-olcumu\/\"><div class=\"porto-sicon-box  vc_custom_1744470872591 mb-0  wpb_custom_224fb9120dc48e87ceb8ca033bb8b5f2 hover-icon-right default-icon flex-wrap\"><div class=\"porto-sicon-default\"><div class=\"porto-just-icon-wrapper porto-sicon-img  porto-icon-9f5d1cfb45d27d96b50bf473aebba227\" style=\"font-size: 88px;\"><img loading=\"lazy\" decoding=\"async\" class=\"img-icon\" alt=\"\" src=\"https:\/\/saferteknik.com\/wp-content\/uploads\/2025\/02\/TITRESIM-MARUZIYET-OLCUMU.png\" width=\"88\" height=\"89\" \/><\/div><\/div><div class=\"porto-sicon-header\" style=\"margin-bottom:-1px;\"><h3 class=\"porto-sicon-title\" style=\"\">T\u0130TRE\u015e\u0130M MARUZ\u0130YET \u00d6L\u00c7\u00dcM\u00dc<\/h3><\/div> <!-- header --><div class=\"porto-sicon-description\" style=\"color:#5e5e5e;\">Safer Teknik\u2019in titre\u015fim maruziyeti \u00f6l\u00e7\u00fcm\u00fc hizmetiyle, \u00e7al\u0131\u015fanlar\u0131n\u0131z\u0131 zararl\u0131 titre\u015fim etkilerinden koruyun ve i\u015f sa\u011fl\u0131\u011f\u0131 g\u00fcvenli\u011fini sa\u011flay\u0131n!<\/div> <!-- description --><\/div><!-- porto-sicon-box --><\/a>[\/vc_column_inner][vc_column_inner width=&#8221;1\/6&#8243; offset=&#8221;vc_col-md-6&#8243; css_params=&#8221;&#8221;]<a class=\"porto-sicon-box-link\" href=\"https:\/\/saferteknik.com\/index.php\/ortam-olcumleri\/solunabilir-toz-olcumu\/\"><div class=\"porto-sicon-box  vc_custom_1744470842544 mb-0  wpb_custom_224fb9120dc48e87ceb8ca033bb8b5f2 hover-icon-right default-icon flex-wrap\"><div class=\"porto-sicon-default\"><div class=\"porto-just-icon-wrapper porto-sicon-img  porto-icon-9f5d1cfb45d27d96b50bf473aebba227\" style=\"font-size: 88px;\"><img loading=\"lazy\" decoding=\"async\" class=\"img-icon\" alt=\"\" src=\"https:\/\/saferteknik.com\/wp-content\/uploads\/2025\/02\/SOLUNABILIR-TOZ-OLCUMU.png\" width=\"88\" height=\"89\" \/><\/div><\/div><div class=\"porto-sicon-header\" style=\"margin-bottom:-1px;\"><h3 class=\"porto-sicon-title\" style=\"\">SOLUNAB\u0130L\u0130R TOZ \u00d6L\u00c7\u00dcM\u00dc<\/h3><\/div> <!-- header --><div class=\"porto-sicon-description\" style=\"color:#5e5e5e;\">Solunabilir toz \u00f6l\u00e7\u00fcm\u00fc ile \u00e7al\u0131\u015fma ortam\u0131n\u0131zdaki toz maruziyetini kontrol alt\u0131na al\u0131n ve i\u015f g\u00fcvenli\u011finizi art\u0131r\u0131n!<\/div> <!-- description --><\/div><!-- porto-sicon-box --><\/a>[\/vc_column_inner][vc_column_inner width=&#8221;1\/6&#8243; offset=&#8221;vc_col-md-6&#8243; css_params=&#8221;&#8221;]<a class=\"porto-sicon-box-link\" href=\"https:\/\/saferteknik.com\/index.php\/ortam-olcumleri\/isyeri-organik-buhar-olcumu\/\"><div class=\"porto-sicon-box  vc_custom_1744470834604 mb-0  wpb_custom_224fb9120dc48e87ceb8ca033bb8b5f2 hover-icon-right default-icon flex-wrap\"><div class=\"porto-sicon-default\"><div class=\"porto-just-icon-wrapper porto-sicon-img  porto-icon-9f5d1cfb45d27d96b50bf473aebba227\" style=\"font-size: 88px;\"><img loading=\"lazy\" decoding=\"async\" class=\"img-icon\" alt=\"\" src=\"https:\/\/saferteknik.com\/wp-content\/uploads\/2025\/02\/ISYERI-ORGANIK-BUHAR-OLCUMU-1.png\" width=\"89\" height=\"89\" \/><\/div><\/div><div class=\"porto-sicon-header\" style=\"margin-bottom:-1px;\"><h3 class=\"porto-sicon-title\" style=\"\">\u0130\u015eYER\u0130 ORGAN\u0130K BUHAR \u00d6L\u00c7\u00dcM\u00dc<\/h3><\/div> <!-- header --><div class=\"porto-sicon-description\" style=\"color:#5e5e5e;\">\u0130\u015f yerinizdeki organik buhar seviyelerini g\u00fcvenle \u00f6l\u00e7\u00fcn, \u00e7al\u0131\u015fan sa\u011fl\u0131\u011f\u0131n\u0131 koruyun!<\/div> <!-- description --><\/div><!-- porto-sicon-box --><\/a>[\/vc_column_inner][vc_column_inner width=&#8221;1\/6&#8243; offset=&#8221;vc_col-md-6&#8243; css_params=&#8221;&#8221;]<a class=\"porto-sicon-box-link\" href=\"https:\/\/saferteknik.com\/index.php\/ortam-olcumleri\/isyeri-gaz-buhar-olcumu\/\"><div class=\"porto-sicon-box  vc_custom_1744470757921 mb-0  wpb_custom_224fb9120dc48e87ceb8ca033bb8b5f2 hover-icon-right default-icon flex-wrap\"><div class=\"porto-sicon-default\"><div class=\"porto-just-icon-wrapper porto-sicon-img  porto-icon-9f5d1cfb45d27d96b50bf473aebba227\" style=\"font-size: 88px;\"><img loading=\"lazy\" decoding=\"async\" class=\"img-icon\" alt=\"\" src=\"https:\/\/saferteknik.com\/wp-content\/uploads\/2025\/02\/ISYERI-ORGANIK-BUHAR-OLCUMU.png\" width=\"88\" height=\"89\" \/><\/div><\/div><div class=\"porto-sicon-header\" style=\"margin-bottom:-1px;\"><h3 class=\"porto-sicon-title\" style=\"\">\u0130\u015eYER\u0130 GAZ BUHAR \u00d6L\u00c7\u00dcM\u00dc<\/h3><\/div> <!-- header --><div class=\"porto-sicon-description\" style=\"color:#5e5e5e;\">Safer Teknik ile i\u015fyerinizdeki gaz ve buhar seviyelerini profesyonel \u00f6l\u00e7\u00fcm hizmetleriyle g\u00fcvenli hale getirin!<\/div> <!-- description --><\/div><!-- porto-sicon-box --><\/a>[\/vc_column_inner][vc_column_inner width=&#8221;1\/6&#8243; offset=&#8221;vc_col-md-6&#8243; css_params=&#8221;&#8221;]<a class=\"porto-sicon-box-link\" href=\"https:\/\/saferteknik.com\/index.php\/ortam-olcumleri\/agir-metal-olcumu\/\"><div class=\"porto-sicon-box  vc_custom_1744470737613 mb-0  wpb_custom_264870078a087bc6e1b05c9943b02e9f hover-icon-right default-icon flex-wrap\"><div class=\"porto-sicon-default\"><div class=\"porto-just-icon-wrapper porto-sicon-img  porto-icon-9f5d1cfb45d27d96b50bf473aebba227\" style=\"font-size: 80px;\"><img loading=\"lazy\" decoding=\"async\" class=\"img-icon\" alt=\"\" src=\"https:\/\/saferteknik.com\/wp-content\/uploads\/2025\/02\/AGIR-METAL-OLCUMU.png\" width=\"88\" height=\"89\" \/><\/div><\/div><div class=\"porto-sicon-header\" style=\"margin-bottom:-1px;\"><h3 class=\"porto-sicon-title\" style=\"\">A\u011eIR METAL \u00d6L\u00c7\u00dcM\u00dc<\/h3><\/div> <!-- header --><div class=\"porto-sicon-description\" style=\"color:#5e5e5e;\">A\u011f\u0131r metal \u00f6l\u00e7\u00fcm\u00fc ile su, toprak ve hava analizlerinizde g\u00fcvenilir ve hassas sonu\u00e7lar elde edin!<\/div> <!-- description --><\/div><!-- porto-sicon-box --><\/a>[\/vc_column_inner][\/vc_row_inner][\/vc_column][\/vc_row]<\/p>\n<\/div>","protected":false},"excerpt":{"rendered":"<p>[vc_row is_section=&#8221;yes&#8221; remove_margin_top=&#8221;yes&#8221; remove_margin_bottom=&#8221;yes&#8221; remove_border=&#8221;yes&#8221; animation_delay=&#8221;200&#8243; el_class=&#8221;custom-info-box&#8221; css=&#8221;.vc_custom_1744481346040{padding-top: 19px !important;padding-bottom: 57px !important;background-color: var(&#8211;porto-light-color) !important;}&#8221; conditional_render=&#8221;%5B%7B%22value_role%22%3A%22administrator%22%7D%5D&#8221; animation_type=&#8221;fadeIn&#8221; css_params=&#8221;&#8221;][vc_column][vc_row_inner css_params=&#8221;&#8221;][vc_column_inner width=&#8221;1\/6&#8243; offset=&#8221;vc_col-md-6&#8243; css_params=&#8221;&#8221;][\/vc_column_inner][vc_column_inner width=&#8221;1\/6&#8243; offset=&#8221;vc_col-md-6&#8243; css_params=&#8221;&#8221;][\/vc_column_inner][vc_column_inner width=&#8221;1\/6&#8243; offset=&#8221;vc_col-md-6&#8243; css_params=&#8221;&#8221;][\/vc_column_inner][vc_column_inner width=&#8221;1\/6&#8243; offset=&#8221;vc_col-md-6&#8243; css_params=&#8221;&#8221;][\/vc_column_inner][vc_column_inner width=&#8221;1\/6&#8243; offset=&#8221;vc_col-md-6&#8243; css_params=&#8221;&#8221;][\/vc_column_inner][vc_column_inner width=&#8221;1\/6&#8243; offset=&#8221;vc_col-md-6&#8243; css_params=&#8221;&#8221;][\/vc_column_inner][vc_column_inner width=&#8221;1\/6&#8243; offset=&#8221;vc_col-md-6&#8243; css_params=&#8221;&#8221;][\/vc_column_inner][vc_column_inner width=&#8221;1\/6&#8243; offset=&#8221;vc_col-md-6&#8243; css_params=&#8221;&#8221;][\/vc_column_inner][\/vc_row_inner][\/vc_column][\/vc_row]<\/p>\n","protected":false},"author":1,"featured_media":0,"parent":0,"menu_order":0,"comment_status":"closed","ping_status":"closed","template":"","meta":{"footnotes":""},"class_list":["post-17","page","type-page","status-publish","hentry"],"_links":{"self":[{"href":"https:\/\/saferteknik.com\/index.php\/wp-json\/wp\/v2\/pages\/17","targetHints":{"allow":["GET"]}}],"collection":[{"href":"https:\/\/saferteknik.com\/index.php\/wp-json\/wp\/v2\/pages"}],"about":[{"href":"https:\/\/saferteknik.com\/index.php\/wp-json\/wp\/v2\/types\/page"}],"author":[{"embeddable":true,"href":"https:\/\/saferteknik.com\/index.php\/wp-json\/wp\/v2\/users\/1"}],"replies":[{"embeddable":true,"href":"https:\/\/saferteknik.com\/index.php\/wp-json\/wp\/v2\/comments?post=17"}],"version-history":[{"count":4,"href":"https:\/\/saferteknik.com\/index.php\/wp-json\/wp\/v2\/pages\/17\/revisions"}],"predecessor-version":[{"id":24293,"href":"https:\/\/saferteknik.com\/index.php\/wp-json\/wp\/v2\/pages\/17\/revisions\/24293"}],"wp:attachment":[{"href":"https:\/\/saferteknik.com\/index.php\/wp-json\/wp\/v2\/media?parent=17"}],"curies":[{"name":"wp","href":"https:\/\/api.w.org\/{rel}","templated":true}]}}