{"id":15,"date":"2017-01-19T13:59:00","date_gmt":"2017-01-19T13:59:00","guid":{"rendered":"http:\/\/sw-themes.com\/porto_dummy\/?page_id=15"},"modified":"2025-03-14T17:42:39","modified_gmt":"2025-03-14T14:42:39","slug":"hakkimizda","status":"publish","type":"page","link":"https:\/\/saferteknik.com\/index.php\/hakkimizda\/","title":{"rendered":"Hakk\u0131m\u0131zda"},"content":{"rendered":"<div class=\"wpb-content-wrapper\"><p>[vc_row height=&#8221;auto&#8221;][vc_column][vc_column_text]\u0130\u015f Sa\u011fl\u0131\u011f\u0131 ve G\u00fcvenli\u011fi \u00e7al\u0131\u015fmalar\u0131, sadece yasal zorunluluklar\u0131 yerine getirmek a\u00e7\u0131s\u0131ndan de\u011fil, risklere maruz kalabilecek \u00e7al\u0131\u015fanlar\u0131 korumak ve\u00a0 \u00e7al\u0131\u015fma ortam\u0131nda bulunan mevcut riskleri yok etmek veya en aza indirmek a\u00e7\u0131s\u0131ndan da \u00a0\u00f6nem arz etmektedir. Dolay\u0131s\u0131yla i\u015fletmelerin Teknoloji, i\u015f organizasyonu, \u00e7al\u0131\u015fma \u015fartlar\u0131, sosyal ili\u015fkiler ve \u00e7al\u0131\u015fma ortam\u0131 ile ilgili fakt\u00f6rlerin etkilerini kapsayan tutarl\u0131 ve genel bir \u00f6nleme politikas\u0131 geli\u015ftirmesi amac\u0131yla de\u011fi\u015fen ve geli\u015fen teknoloji \u0131\u015f\u0131\u011f\u0131nda hizmetlerimizi s\u00fcrd\u00fcr\u00fcyoruz.<\/p>\n<p>\u0130\u015fin ki\u015filere uygun hale getirilmesi i\u00e7in i\u015fyerlerinin tasar\u0131m\u0131 ile i\u015f ekipman\u0131, \u00e7al\u0131\u015fma \u015fekli ve \u00fcretim metotlar\u0131n\u0131n se\u00e7iminde \u00f6zen g\u00f6stermek, \u00f6zellikle tekd\u00fcze \u00e7al\u0131\u015fma ve \u00fcretim temposunun sa\u011fl\u0131k ve g\u00fcvenli\u011fe olumsuz etkilerini \u00f6nlemek, \u00f6nlenemiyor ise en aza indirmek. Teknik geli\u015fmelere uyum sa\u011flamak ve g\u00fcvenlik k\u00fclt\u00fcr\u00fcn\u00fcn kazan\u0131lmas\u0131 amac\u0131yla dan\u0131\u015fmanl\u0131k hizmetlerimizle \u00e7\u00f6z\u00fcm orta\u011f\u0131n\u0131z olmay\u0131 hedeflemekteyiz.<\/p>\n<p>\u00dcretimin bir par\u00e7as\u0131 olan makine ve ekipmanlar\u0131n\u0131z\u0131n g\u00fcvenli, do\u011fru kullan\u0131m\u0131 ve \u00e7al\u0131\u015fan sa\u011fl\u0131\u011f\u0131na zarar vermesini engellemek \u00fczere yasal zorunlulu\u011fu bulunan periyodik kontrol ve \u00f6l\u00e7\u00fcm hizmetlerimizle \u2018\u2019daha g\u00fcvenli bir gelecek i\u00e7in\u2019\u2019 diyoruz ve t\u00fcm teknik bilgi ve tecr\u00fcbelerimizi sizlerle payla\u015f\u0131yoruz.<\/p>\n<p>\u00c7al\u0131\u015fanlar\u0131n daha bilin\u00e7li \u00e7al\u0131\u015fmas\u0131n\u0131 ve mesleki tecr\u00fcbelerini geli\u015ftirmesi amac\u0131yla mesleki e\u011fitimler ve ileri seviye i\u015f sa\u011fl\u0131\u011f\u0131 ve g\u00fcvenli\u011fi e\u011fitimleriyle etkin ve do\u011fru testlerle makine ve ekipmanlar\u0131n\u0131z\u0131n daha verimli ve uzun \u00f6m\u00fcrl\u00fc kullan\u0131m\u0131na katk\u0131n\u0131n yan\u0131nda istenmeyen ar\u0131zalar\u0131 da engelleyerek makine ve ekipman kaynakl\u0131 kazalar\u0131n \u00f6n\u00fcne ge\u00e7mek m\u00fcmk\u00fcn olacakt\u0131r.[\/vc_column_text][vc_row_inner][vc_column_inner width=&#8221;3\/4&#8243;][vc_column_text]Bu ama\u00e7la, 20 y\u0131ll\u0131k \u0130\u015f Sa\u011fl\u0131\u011f\u0131 ve G\u00fcvenli\u011fi tecr\u00fcbemizle, Kurumunuzun t\u00fcm makine-ekipman, in\u015faat, montaj, kurulum ve i\u015fletmeye alma \u00e7al\u0131\u015fmalar\u0131n\u0131n y\u00fcr\u00fct\u00fclmesine y\u00f6nelik, sahada ger\u00e7ekle\u015ftirdi\u011fi faaliyetlerin \u0130\u015f Sa\u011fl\u0131\u011f\u0131 ve G\u00fcvenli\u011fi mevzuat\u0131na ve standartlara tam uyumunu ve ilgili faaliyetlerin kontrol ve denetimini sa\u011flamak amac\u0131yla hizmet sunmaktay\u0131z.<\/p>\n<p>SAFER TEKN\u0130K olarak; \u0130\u015f sa\u011fl\u0131\u011f\u0131 ve g\u00fcvenli\u011fi alanlar\u0131nda beraber \u00e7al\u0131\u015fmaya haz\u0131r oldu\u011fumuzu bildirir, i\u015fbirli\u011fimizin s\u00fcrekli, verimli ve ba\u015far\u0131l\u0131 olmas\u0131n\u0131 dileriz.<\/p>\n<p style=\"text-align: right;\">\u00a0 \u00a0 \u00a0 \u00a0 \u00a0 \u00a0 \u00a0 \u00a0 \u00a0 \u00a0 \u00a0 \u00a0 \u00a0 \u00a0 \u00a0 \u00a0 \u00a0 \u00a0 \u00a0 \u00a0 \u00a0 \u00a0 \u00a0 \u00a0 \u00a0 \u00a0 \u00a0 \u00a0 \u00a0 \u00a0 \u00a0 \u00a0 \u00a0 \u00a0 \u00a0 \u00a0 \u00a0 \u00a0 \u00a0 \u00a0 \u00a0 \u00a0 \u00a0 \u00a0 \u00a0 \u00a0 \u00a0 \u00a0 \u00a0 \u00a0 \u00a0 \u00a0 \u00a0 \u00a0 \u00a0 \u00a0 \u00a0 \u00a0 \u00a0 \u00a0 \u00a0 \u00a0 \u00a0 \u00a0 Sayg\u0131lar\u0131m\u0131zla;<\/p>\n<p>[\/vc_column_text][\/vc_column_inner][vc_column_inner width=&#8221;1\/4&#8243;][vc_single_image image=&#8221;1320&#8243; img_size=&#8221;full&#8221; css=&#8221;&#8221; label=&#8221;&#8221; css_params=&#8221;&#8221;][\/vc_column_inner][\/vc_row_inner][vc_empty_space height=&#8221;20px&#8221;][\/vc_column][\/vc_row]<\/p>\n<\/div>","protected":false},"excerpt":{"rendered":"<p>[vc_row height=&#8221;auto&#8221;][vc_column][vc_column_text]\u0130\u015f Sa\u011fl\u0131\u011f\u0131 ve G\u00fcvenli\u011fi \u00e7al\u0131\u015fmalar\u0131, sadece yasal zorunluluklar\u0131 yerine getirmek a\u00e7\u0131s\u0131ndan de\u011fil, risklere maruz kalabilecek \u00e7al\u0131\u015fanlar\u0131 korumak ve\u00a0 \u00e7al\u0131\u015fma ortam\u0131nda bulunan mevcut riskleri yok etmek veya en aza indirmek a\u00e7\u0131s\u0131ndan da \u00a0\u00f6nem arz etmektedir. Dolay\u0131s\u0131yla i\u015fletmelerin Teknoloji, i\u015f organizasyonu, \u00e7al\u0131\u015fma \u015fartlar\u0131, sosyal ili\u015fkiler ve \u00e7al\u0131\u015fma ortam\u0131 ile ilgili fakt\u00f6rlerin etkilerini kapsayan tutarl\u0131 ve genel [&hellip;]<\/p>\n","protected":false},"author":1,"featured_media":0,"parent":0,"menu_order":0,"comment_status":"closed","ping_status":"closed","template":"","meta":{"footnotes":""},"class_list":["post-15","page","type-page","status-publish","hentry"],"_links":{"self":[{"href":"https:\/\/saferteknik.com\/index.php\/wp-json\/wp\/v2\/pages\/15","targetHints":{"allow":["GET"]}}],"collection":[{"href":"https:\/\/saferteknik.com\/index.php\/wp-json\/wp\/v2\/pages"}],"about":[{"href":"https:\/\/saferteknik.com\/index.php\/wp-json\/wp\/v2\/types\/page"}],"author":[{"embeddable":true,"href":"https:\/\/saferteknik.com\/index.php\/wp-json\/wp\/v2\/users\/1"}],"replies":[{"embeddable":true,"href":"https:\/\/saferteknik.com\/index.php\/wp-json\/wp\/v2\/comments?post=15"}],"version-history":[{"count":3,"href":"https:\/\/saferteknik.com\/index.php\/wp-json\/wp\/v2\/pages\/15\/revisions"}],"predecessor-version":[{"id":1321,"href":"https:\/\/saferteknik.com\/index.php\/wp-json\/wp\/v2\/pages\/15\/revisions\/1321"}],"wp:attachment":[{"href":"https:\/\/saferteknik.com\/index.php\/wp-json\/wp\/v2\/media?parent=15"}],"curies":[{"name":"wp","href":"https:\/\/api.w.org\/{rel}","templated":true}]}}