{"id":1359,"date":"2025-03-14T15:06:29","date_gmt":"2025-03-14T12:06:29","guid":{"rendered":"https:\/\/saferteknik.com\/?page_id=1359"},"modified":"2025-03-14T15:07:12","modified_gmt":"2025-03-14T12:07:12","slug":"musteri-memnuniyeti-anketi","status":"publish","type":"page","link":"https:\/\/saferteknik.com\/index.php\/musteri-memnuniyeti-anketi\/","title":{"rendered":"M\u00dc\u015eTER\u0130 MEMNUN\u0130YET\u0130 ANKET\u0130"},"content":{"rendered":"<div class=\"wpb-content-wrapper\"><p>[vc_row][vc_column][vc_raw_html]JTNDaWZyYW1lJTIwc3JjJTNEJTIyaHR0cHMlM0ElMkYlMkZkb2NzLmdvb2dsZS5jb20lMkZmb3JtcyUyRmQlMkZlJTJGMUZBSXBRTFNkSDZVN2pDVjBsRTBHMFJXcWM5Y1dfWG5OWGdWT2ZZdzlSTTFGcDhzMzBVRkVyeUElMkZ2aWV3Zm9ybSUzRmVtYmVkZGVkJTNEdHJ1ZSUyMiUyMHdpZHRoJTNEJTIyMTIwMCUyMiUyMGhlaWdodCUzRCUyMjQyMDAlMjIlMjBmcmFtZWJvcmRlciUzRCUyMjAlMjIlMjBtYXJnaW5oZWlnaHQlM0QlMjIwJTIyJTIwbWFyZ2lud2lkdGglM0QlMjIwJTIyJTNFWSVDMyVCQ2tsZW5peW9yJUUyJTgwJUE2JTNDJTJGaWZyYW1lJTNF[\/vc_raw_html][\/vc_column][\/vc_row][vc_row][vc_column][vc_column_text]<\/p>\n<p style=\"text-align: center;\">Ticari ili\u015fki ve i\u015fbirli\u011fimizin geli\u015fimine \u00f6nc\u00fcl\u00fck edece\u011fini d\u00fc\u015f\u00fcnd\u00fc\u011f\u00fcm\u00fcz bu ara\u015ft\u0131rmam\u0131za kat\u0131larak objektif g\u00f6r\u00fc\u015f ve d\u00fc\u015f\u00fcncelerinizi bizimle payla\u015ft\u0131\u011f\u0131n\u0131z i\u00e7in te\u015fekk\u00fcr ederiz.<\/p>\n<p style=\"text-align: center;\"><strong>SAFER TEKN\u0130K M\u00dcHEND\u0130SL\u0130K H\u0130ZMETLER\u0130 E\u011e\u0130T\u0130M VE DAN. SAN. T\u0130C. LTD. \u015eT\u0130<\/strong><\/p>\n<p>[\/vc_column_text][\/vc_column][\/vc_row]<\/p>\n<\/div>","protected":false},"excerpt":{"rendered":"<p>[vc_row][vc_column][vc_raw_html]JTNDaWZyYW1lJTIwc3JjJTNEJTIyaHR0cHMlM0ElMkYlMkZkb2NzLmdvb2dsZS5jb20lMkZmb3JtcyUyRmQlMkZlJTJGMUZBSXBRTFNkSDZVN2pDVjBsRTBHMFJXcWM5Y1dfWG5OWGdWT2ZZdzlSTTFGcDhzMzBVRkVyeUElMkZ2aWV3Zm9ybSUzRmVtYmVkZGVkJTNEdHJ1ZSUyMiUyMHdpZHRoJTNEJTIyMTIwMCUyMiUyMGhlaWdodCUzRCUyMjQyMDAlMjIlMjBmcmFtZWJvcmRlciUzRCUyMjAlMjIlMjBtYXJnaW5oZWlnaHQlM0QlMjIwJTIyJTIwbWFyZ2lud2lkdGglM0QlMjIwJTIyJTNFWSVDMyVCQ2tsZW5peW9yJUUyJTgwJUE2JTNDJTJGaWZyYW1lJTNF[\/vc_raw_html][\/vc_column][\/vc_row][vc_row][vc_column][vc_column_text] Ticari ili\u015fki ve i\u015fbirli\u011fimizin geli\u015fimine \u00f6nc\u00fcl\u00fck edece\u011fini d\u00fc\u015f\u00fcnd\u00fc\u011f\u00fcm\u00fcz bu ara\u015ft\u0131rmam\u0131za kat\u0131larak objektif g\u00f6r\u00fc\u015f ve d\u00fc\u015f\u00fcncelerinizi bizimle payla\u015ft\u0131\u011f\u0131n\u0131z i\u00e7in te\u015fekk\u00fcr ederiz. SAFER TEKN\u0130K M\u00dcHEND\u0130SL\u0130K H\u0130ZMETLER\u0130 E\u011e\u0130T\u0130M VE DAN. SAN. T\u0130C. LTD. \u015eT\u0130 [\/vc_column_text][\/vc_column][\/vc_row]<\/p>\n","protected":false},"author":1,"featured_media":0,"parent":0,"menu_order":0,"comment_status":"closed","ping_status":"closed","template":"","meta":{"footnotes":""},"class_list":["post-1359","page","type-page","status-publish","hentry"],"_links":{"self":[{"href":"https:\/\/saferteknik.com\/index.php\/wp-json\/wp\/v2\/pages\/1359","targetHints":{"allow":["GET"]}}],"collection":[{"href":"https:\/\/saferteknik.com\/index.php\/wp-json\/wp\/v2\/pages"}],"about":[{"href":"https:\/\/saferteknik.com\/index.php\/wp-json\/wp\/v2\/types\/page"}],"author":[{"embeddable":true,"href":"https:\/\/saferteknik.com\/index.php\/wp-json\/wp\/v2\/users\/1"}],"replies":[{"embeddable":true,"href":"https:\/\/saferteknik.com\/index.php\/wp-json\/wp\/v2\/comments?post=1359"}],"version-history":[{"count":2,"href":"https:\/\/saferteknik.com\/index.php\/wp-json\/wp\/v2\/pages\/1359\/revisions"}],"predecessor-version":[{"id":1361,"href":"https:\/\/saferteknik.com\/index.php\/wp-json\/wp\/v2\/pages\/1359\/revisions\/1361"}],"wp:attachment":[{"href":"https:\/\/saferteknik.com\/index.php\/wp-json\/wp\/v2\/media?parent=1359"}],"curies":[{"name":"wp","href":"https:\/\/api.w.org\/{rel}","templated":true}]}}