{"id":1332,"date":"2025-03-11T15:11:24","date_gmt":"2025-03-11T12:11:24","guid":{"rendered":"https:\/\/saferteknik.com\/?page_id=1332"},"modified":"2026-04-06T14:39:03","modified_gmt":"2026-04-06T11:39:03","slug":"bagimsizlik-tarafsizlik-ve-durustluk-beyani","status":"publish","type":"page","link":"https:\/\/saferteknik.com\/index.php\/bagimsizlik-tarafsizlik-ve-durustluk-beyani\/","title":{"rendered":"Ba\u011f\u0131ms\u0131zl\u0131k, Tarafs\u0131zl\u0131k ve D\u00fcr\u00fcstl\u00fck Beyan\u0131"},"content":{"rendered":"<div class=\"wpb-content-wrapper\"><p>[vc_row][vc_column][vc_raw_html css=&#8221;&#8221; css_params=&#8221;&#8221;]JTNDaWZyYW1lJTIwc3JjJTNEJTIyaHR0cHMlM0ElMkYlMkZzYWZlcnRla25pay5jb20lMkZ3cC1jb250ZW50JTJGdXBsb2FkcyUyRjIwMjUlMkYwNCUyRlNGUi1CQi4wMi1fLTEwLjAxLjIwMjUucGRmJTIyJTIwd2lkdGglM0QlMjIxNDAwJTIyJTIwaGVpZ2h0JTNEJTIyMTMwMCUyMiUyMGZyYW1lYm9yZGVyJTNEJTIyMCUyMiUyMG1hcmdpbmhlaWdodCUzRCUyMjAlMjIlMjBtYXJnaW53aWR0aCUzRCUyMjAlMjIlM0VZJUMzJUJDa2xlbml5b3IlRTIlODAlQTYlM0MlMkZpZnJhbWUlM0U=[\/vc_raw_html][\/vc_column][\/vc_row]<\/p>\n<\/div>","protected":false},"excerpt":{"rendered":"<p>[vc_row][vc_column][vc_raw_html css=&#8221;&#8221; css_params=&#8221;&#8221;]JTNDaWZyYW1lJTIwc3JjJTNEJTIyaHR0cHMlM0ElMkYlMkZzYWZlcnRla25pay5jb20lMkZ3cC1jb250ZW50JTJGdXBsb2FkcyUyRjIwMjUlMkYwNCUyRlNGUi1CQi4wMi1fLTEwLjAxLjIwMjUucGRmJTIyJTIwd2lkdGglM0QlMjIxNDAwJTIyJTIwaGVpZ2h0JTNEJTIyMTMwMCUyMiUyMGZyYW1lYm9yZGVyJTNEJTIyMCUyMiUyMG1hcmdpbmhlaWdodCUzRCUyMjAlMjIlMjBtYXJnaW53aWR0aCUzRCUyMjAlMjIlM0VZJUMzJUJDa2xlbml5b3IlRTIlODAlQTYlM0MlMkZpZnJhbWUlM0U=[\/vc_raw_html][\/vc_column][\/vc_row]<\/p>\n","protected":false},"author":1,"featured_media":0,"parent":0,"menu_order":0,"comment_status":"closed","ping_status":"closed","template":"","meta":{"footnotes":""},"class_list":["post-1332","page","type-page","status-publish","hentry"],"_links":{"self":[{"href":"https:\/\/saferteknik.com\/index.php\/wp-json\/wp\/v2\/pages\/1332","targetHints":{"allow":["GET"]}}],"collection":[{"href":"https:\/\/saferteknik.com\/index.php\/wp-json\/wp\/v2\/pages"}],"about":[{"href":"https:\/\/saferteknik.com\/index.php\/wp-json\/wp\/v2\/types\/page"}],"author":[{"embeddable":true,"href":"https:\/\/saferteknik.com\/index.php\/wp-json\/wp\/v2\/users\/1"}],"replies":[{"embeddable":true,"href":"https:\/\/saferteknik.com\/index.php\/wp-json\/wp\/v2\/comments?post=1332"}],"version-history":[{"count":6,"href":"https:\/\/saferteknik.com\/index.php\/wp-json\/wp\/v2\/pages\/1332\/revisions"}],"predecessor-version":[{"id":24822,"href":"https:\/\/saferteknik.com\/index.php\/wp-json\/wp\/v2\/pages\/1332\/revisions\/24822"}],"wp:attachment":[{"href":"https:\/\/saferteknik.com\/index.php\/wp-json\/wp\/v2\/media?parent=1332"}],"curies":[{"name":"wp","href":"https:\/\/api.w.org\/{rel}","templated":true}]}}