{"id":1328,"date":"2025-03-11T15:08:00","date_gmt":"2025-03-11T12:08:00","guid":{"rendered":"https:\/\/saferteknik.com\/?page_id=1328"},"modified":"2026-04-06T14:59:47","modified_gmt":"2026-04-06T11:59:47","slug":"musteri-geri-beslemesi-ve-sikayetlerinin-degerlendirilmesi-proseduru","status":"publish","type":"page","link":"https:\/\/saferteknik.com\/index.php\/musteri-geri-beslemesi-ve-sikayetlerinin-degerlendirilmesi-proseduru\/","title":{"rendered":"M\u00fc\u015fteri Geri Beslemesi ve \u015eikayetlerinin De\u011ferlendirilmesi Prosed\u00fcr\u00fc"},"content":{"rendered":"<div class=\"wpb-content-wrapper\"><p>[vc_row][vc_column][vc_raw_html css=&#8221;&#8221; css_params=&#8221;&#8221;]JTNDaWZyYW1lJTIwc3JjJTNEJTIyaHR0cHMlM0ElMkYlMkZzYWZlcnRla25pay5jb20lMkZ3cC1jb250ZW50JTJGdXBsb2FkcyUyRjIwMjUlMkYwMyUyRlNGUi1QUi4wMDYtTXVzdGVyaS1HZXJpLUJlc2xlbWVzaS12ZS1TaWtheWV0bGVyaW5pbi1EZWdlcmxlbmRpcmlsbWVzaS1Qcm9zZWR1cnUtUmV2MDMtMi5wZGYlMjIlMjB3aWR0aCUzRCUyMjE0MDAlMjIlMjBoZWlnaHQlM0QlMjIyMDAwJTIyJTIwZnJhbWVib3JkZXIlM0QlMjIwJTIyJTIwbWFyZ2luaGVpZ2h0JTNEJTIyMCUyMiUyMG1hcmdpbndpZHRoJTNEJTIyMCUyMiUzRVklQzMlQkNrbGVuaXlvciVFMiU4MCVBNiUzQyUyRmlmcmFtZSUzRQ==[\/vc_raw_html][\/vc_column][\/vc_row]<\/p>\n<\/div>","protected":false},"excerpt":{"rendered":"<p>[vc_row][vc_column][vc_raw_html css=&#8221;&#8221; css_params=&#8221;&#8221;]JTNDaWZyYW1lJTIwc3JjJTNEJTIyaHR0cHMlM0ElMkYlMkZzYWZlcnRla25pay5jb20lMkZ3cC1jb250ZW50JTJGdXBsb2FkcyUyRjIwMjUlMkYwMyUyRlNGUi1QUi4wMDYtTXVzdGVyaS1HZXJpLUJlc2xlbWVzaS12ZS1TaWtheWV0bGVyaW5pbi1EZWdlcmxlbmRpcmlsbWVzaS1Qcm9zZWR1cnUtUmV2MDMtMi5wZGYlMjIlMjB3aWR0aCUzRCUyMjE0MDAlMjIlMjBoZWlnaHQlM0QlMjIyMDAwJTIyJTIwZnJhbWVib3JkZXIlM0QlMjIwJTIyJTIwbWFyZ2luaGVpZ2h0JTNEJTIyMCUyMiUyMG1hcmdpbndpZHRoJTNEJTIyMCUyMiUzRVklQzMlQkNrbGVuaXlvciVFMiU4MCVBNiUzQyUyRmlmcmFtZSUzRQ==[\/vc_raw_html][\/vc_column][\/vc_row]<\/p>\n","protected":false},"author":1,"featured_media":0,"parent":0,"menu_order":0,"comment_status":"closed","ping_status":"closed","template":"","meta":{"footnotes":""},"class_list":["post-1328","page","type-page","status-publish","hentry"],"_links":{"self":[{"href":"https:\/\/saferteknik.com\/index.php\/wp-json\/wp\/v2\/pages\/1328","targetHints":{"allow":["GET"]}}],"collection":[{"href":"https:\/\/saferteknik.com\/index.php\/wp-json\/wp\/v2\/pages"}],"about":[{"href":"https:\/\/saferteknik.com\/index.php\/wp-json\/wp\/v2\/types\/page"}],"author":[{"embeddable":true,"href":"https:\/\/saferteknik.com\/index.php\/wp-json\/wp\/v2\/users\/1"}],"replies":[{"embeddable":true,"href":"https:\/\/saferteknik.com\/index.php\/wp-json\/wp\/v2\/comments?post=1328"}],"version-history":[{"count":3,"href":"https:\/\/saferteknik.com\/index.php\/wp-json\/wp\/v2\/pages\/1328\/revisions"}],"predecessor-version":[{"id":24824,"href":"https:\/\/saferteknik.com\/index.php\/wp-json\/wp\/v2\/pages\/1328\/revisions\/24824"}],"wp:attachment":[{"href":"https:\/\/saferteknik.com\/index.php\/wp-json\/wp\/v2\/media?parent=1328"}],"curies":[{"name":"wp","href":"https:\/\/api.w.org\/{rel}","templated":true}]}}