{"id":1276,"date":"2025-03-11T13:58:34","date_gmt":"2025-03-11T10:58:34","guid":{"rendered":"https:\/\/saferteknik.com\/?page_id=1276"},"modified":"2025-04-12T18:58:44","modified_gmt":"2025-04-12T15:58:44","slug":"tahribatsiz-muayene-ndt","status":"publish","type":"page","link":"https:\/\/saferteknik.com\/index.php\/tahribatsiz-muayene-ndt\/","title":{"rendered":"Tahribats\u0131z Muayene (NDT)"},"content":{"rendered":"<div class=\"wpb-content-wrapper\"><p>[vc_row is_section=&#8221;yes&#8221; remove_margin_top=&#8221;yes&#8221; remove_margin_bottom=&#8221;yes&#8221; remove_border=&#8221;yes&#8221; animation_delay=&#8221;200&#8243; el_class=&#8221;custom-info-box&#8221; css=&#8221;.vc_custom_1744473523800{padding-top: 19px !important;padding-bottom: 57px !important;background-color: var(&#8211;porto-light-color) !important;}&#8221; conditional_render=&#8221;%5B%7B%22value_role%22%3A%22administrator%22%7D%5D&#8221; animation_type=&#8221;fadeIn&#8221; css_params=&#8221;&#8221;][vc_column][vc_row_inner css_params=&#8221;&#8221;][vc_column_inner width=&#8221;1\/2&#8243; offset=&#8221;vc_col-md-6&#8243; css_params=&#8221;&#8221;]<a class=\"porto-sicon-box-link\" href=\"https:\/\/saferteknik.com\/index.php\/tahribatsiz-muayene-ndt\/ultrasonik-muayene-ut\/\"><div class=\"porto-sicon-box  vc_custom_1744472843920 mb-0  wpb_custom_eae3804061864f1d890f6128893bd4ff hover-icon-right default-icon flex-wrap\"><div class=\"porto-sicon-default\"><div class=\"porto-just-icon-wrapper porto-sicon-img  porto-icon-9f5d1cfb45d27d96b50bf473aebba227\" style=\"font-size: 88px;\"><img loading=\"lazy\" decoding=\"async\" class=\"img-icon\" alt=\"\" src=\"https:\/\/saferteknik.com\/wp-content\/uploads\/2025\/02\/UT.png\" width=\"89\" height=\"89\" \/><\/div><\/div><div class=\"porto-sicon-header\" style=\"margin-bottom:-1px;\"><h3 class=\"porto-sicon-title\" style=\"\">ULTRASON\u0130K MUAYENE (UT)<\/h3><\/div> <!-- header --><div class=\"porto-sicon-description\" style=\"color:#5e5e5e;\">Ultrasonik Muayene (UT) ile malzeme i\u00e7 yap\u0131s\u0131n\u0131 tahribats\u0131z olarak analiz edin ve gizli kusurlar\u0131 g\u00fcvenle tespit edin!<\/div> <!-- description --><\/div><!-- porto-sicon-box --><\/a>[\/vc_column_inner][vc_column_inner width=&#8221;1\/2&#8243; offset=&#8221;vc_col-md-6&#8243; css_params=&#8221;&#8221;]<a class=\"porto-sicon-box-link\" href=\"https:\/\/saferteknik.com\/index.php\/tahribatsiz-muayene-ndt\/manyetik-parcacik-muayenesi-mt\/\"><div class=\"porto-sicon-box  vc_custom_1744472911560 mb-0  wpb_custom_eae3804061864f1d890f6128893bd4ff hover-icon-right default-icon flex-wrap\"><div class=\"porto-sicon-default\"><div class=\"porto-just-icon-wrapper porto-sicon-img  porto-icon-9f5d1cfb45d27d96b50bf473aebba227\" style=\"font-size: 88px;\"><img loading=\"lazy\" decoding=\"async\" class=\"img-icon\" alt=\"\" src=\"https:\/\/saferteknik.com\/wp-content\/uploads\/2025\/02\/MT.png\" width=\"89\" height=\"89\" \/><\/div><\/div><div class=\"porto-sicon-header\" style=\"margin-bottom:-1px;\"><h3 class=\"porto-sicon-title\" style=\"\">MANYET\u0130K PAR\u00c7ACIK MUAYENES\u0130 (MT)<\/h3><\/div> <!-- header --><div class=\"porto-sicon-description\" style=\"color:#5e5e5e;\">Manyetik Par\u00e7ac\u0131k Muayenesi (MT), y\u00fczey ve y\u00fczeye yak\u0131n hatalar\u0131 tespit ederek metal malzemelerde g\u00fcvenilirlik ve kaliteyi art\u0131ran etkili bir tahribats\u0131z muayene y\u00f6ntemidir.<\/div> <!-- description --><\/div><!-- porto-sicon-box --><\/a>[\/vc_column_inner][vc_column_inner width=&#8221;1\/2&#8243; offset=&#8221;vc_col-md-6&#8243; css_params=&#8221;&#8221;]<a class=\"porto-sicon-box-link\" href=\"https:\/\/saferteknik.com\/index.php\/tahribatsiz-muayene-ndt\/sivi-penetrant-muayenesi-pt\/\"><div class=\"porto-sicon-box  vc_custom_1744472951394 mb-0  wpb_custom_224fb9120dc48e87ceb8ca033bb8b5f2 hover-icon-right default-icon flex-wrap\"><div class=\"porto-sicon-default\"><div class=\"porto-just-icon-wrapper porto-sicon-img  porto-icon-9f5d1cfb45d27d96b50bf473aebba227\" style=\"font-size: 88px;\"><img loading=\"lazy\" decoding=\"async\" class=\"img-icon\" alt=\"\" src=\"https:\/\/saferteknik.com\/wp-content\/uploads\/2025\/02\/PT.png\" width=\"89\" height=\"90\" \/><\/div><\/div><div class=\"porto-sicon-header\" style=\"margin-bottom:-1px;\"><h3 class=\"porto-sicon-title\" style=\"\">SIVI PENETRANT MUAYENES\u0130 (PT)<\/h3><\/div> <!-- header --><div class=\"porto-sicon-description\" style=\"color:#5e5e5e;\">S\u0131v\u0131 Penetrant Muayenesi (PT), y\u00fczey hatalar\u0131n\u0131n tespiti i\u00e7in hassas ve g\u00fcvenilir bir tahribats\u0131z muayene y\u00f6ntemidir<\/div> <!-- description --><\/div><!-- porto-sicon-box --><\/a>[\/vc_column_inner][vc_column_inner width=&#8221;1\/6&#8243; offset=&#8221;vc_col-md-6&#8243; css_params=&#8221;&#8221;]<a class=\"porto-sicon-box-link\" href=\"https:\/\/saferteknik.com\/index.php\/tahribatsiz-muayene-ndt\/gorsel-muayene-vt\/\"><div class=\"porto-sicon-box  vc_custom_1744473031205 mb-0  wpb_custom_224fb9120dc48e87ceb8ca033bb8b5f2 hover-icon-right default-icon flex-wrap\"><div class=\"porto-sicon-default\"><div class=\"porto-just-icon-wrapper porto-sicon-img  porto-icon-9f5d1cfb45d27d96b50bf473aebba227\" style=\"font-size: 88px;\"><img loading=\"lazy\" decoding=\"async\" class=\"img-icon\" alt=\"\" src=\"https:\/\/saferteknik.com\/wp-content\/uploads\/2025\/02\/VT.png\" width=\"89\" height=\"90\" \/><\/div><\/div><div class=\"porto-sicon-header\" style=\"margin-bottom:-1px;\"><h3 class=\"porto-sicon-title\" style=\"\">G\u00d6RSEL MUAYENE (VT)<\/h3><\/div> <!-- header --><div class=\"porto-sicon-description\" style=\"color:#5e5e5e;\">G\u00f6rsel Muayene (VT) ile malzeme y\u00fczeyindeki kusurlar\u0131 h\u0131zl\u0131 ve g\u00fcvenilir \u015fekilde tespit edin!<\/div> <!-- description --><\/div><!-- porto-sicon-box --><\/a>[\/vc_column_inner][\/vc_row_inner][\/vc_column][\/vc_row]<\/p>\n<\/div>","protected":false},"excerpt":{"rendered":"<p>[vc_row is_section=&#8221;yes&#8221; remove_margin_top=&#8221;yes&#8221; remove_margin_bottom=&#8221;yes&#8221; remove_border=&#8221;yes&#8221; animation_delay=&#8221;200&#8243; el_class=&#8221;custom-info-box&#8221; css=&#8221;.vc_custom_1744473523800{padding-top: 19px !important;padding-bottom: 57px !important;background-color: var(&#8211;porto-light-color) !important;}&#8221; conditional_render=&#8221;%5B%7B%22value_role%22%3A%22administrator%22%7D%5D&#8221; animation_type=&#8221;fadeIn&#8221; css_params=&#8221;&#8221;][vc_column][vc_row_inner css_params=&#8221;&#8221;][vc_column_inner width=&#8221;1\/2&#8243; offset=&#8221;vc_col-md-6&#8243; css_params=&#8221;&#8221;][\/vc_column_inner][vc_column_inner width=&#8221;1\/2&#8243; offset=&#8221;vc_col-md-6&#8243; css_params=&#8221;&#8221;][\/vc_column_inner][vc_column_inner width=&#8221;1\/2&#8243; offset=&#8221;vc_col-md-6&#8243; css_params=&#8221;&#8221;][\/vc_column_inner][vc_column_inner width=&#8221;1\/6&#8243; offset=&#8221;vc_col-md-6&#8243; css_params=&#8221;&#8221;][\/vc_column_inner][\/vc_row_inner][\/vc_column][\/vc_row]<\/p>\n","protected":false},"author":1,"featured_media":0,"parent":0,"menu_order":0,"comment_status":"closed","ping_status":"closed","template":"","meta":{"footnotes":""},"class_list":["post-1276","page","type-page","status-publish","hentry"],"_links":{"self":[{"href":"https:\/\/saferteknik.com\/index.php\/wp-json\/wp\/v2\/pages\/1276","targetHints":{"allow":["GET"]}}],"collection":[{"href":"https:\/\/saferteknik.com\/index.php\/wp-json\/wp\/v2\/pages"}],"about":[{"href":"https:\/\/saferteknik.com\/index.php\/wp-json\/wp\/v2\/types\/page"}],"author":[{"embeddable":true,"href":"https:\/\/saferteknik.com\/index.php\/wp-json\/wp\/v2\/users\/1"}],"replies":[{"embeddable":true,"href":"https:\/\/saferteknik.com\/index.php\/wp-json\/wp\/v2\/comments?post=1276"}],"version-history":[{"count":3,"href":"https:\/\/saferteknik.com\/index.php\/wp-json\/wp\/v2\/pages\/1276\/revisions"}],"predecessor-version":[{"id":1541,"href":"https:\/\/saferteknik.com\/index.php\/wp-json\/wp\/v2\/pages\/1276\/revisions\/1541"}],"wp:attachment":[{"href":"https:\/\/saferteknik.com\/index.php\/wp-json\/wp\/v2\/media?parent=1276"}],"curies":[{"name":"wp","href":"https:\/\/api.w.org\/{rel}","templated":true}]}}