{"id":1272,"date":"2025-03-11T13:52:00","date_gmt":"2025-03-11T10:52:00","guid":{"rendered":"https:\/\/saferteknik.com\/?page_id=1272"},"modified":"2025-03-14T17:14:29","modified_gmt":"2025-03-14T14:14:29","slug":"yapi-iskeleleri-muhendislik-hizmetleri","status":"publish","type":"page","link":"https:\/\/saferteknik.com\/index.php\/periyodik-kontroller\/yapi-iskeleleri-muhendislik-hizmetleri\/","title":{"rendered":"YAPI \u0130SKELELER\u0130 M\u00dcHEND\u0130SL\u0130K H\u0130ZMETLER\u0130"},"content":{"rendered":"<div class=\"wpb-content-wrapper\"><p>[vc_row height=&#8221;auto&#8221; bg_type=&#8221;bg_color&#8221; bg_color_value=&#8221;#3b4655&#8243;][vc_column][vc_empty_space height=&#8221;20px&#8221;][vc_column_text]<\/p>\n<h6><span style=\"color: white;\">\u0130\u015f Ekipmanlar\u0131n\u0131n<\/span><span style=\"color: white;\"> Kullan\u0131m\u0131nda Sa\u011fl\u0131k ve G\u00fcvenlik \u015eartlar\u0131 Y\u00f6netmeli\u011fince, aksi belirtilmedi\u011fi taktirde Yap\u0131 \u0130skeleleri kontrolleri 6 Ayda bir zorunludur. EN 12811 Standartlar\u0131nda belirtilen kriterlere uygun olarak, yap\u0131 iskelesi periyodik kontrolleri yap\u0131l\u0131r.<br \/>\n<\/span><\/h6>\n<p>[\/vc_column_text][vc_empty_space height=&#8221;5px&#8221;][\/vc_column][\/vc_row][vc_row height=&#8221;auto&#8221;][vc_column][vc_column_text]Kullan\u0131lan iskelenin sa\u011flaml\u0131k ve dayan\u0131kl\u0131l\u0131k hesab\u0131 mevcut de\u011filse veya var olan hesaplar se\u00e7ilen iskele tipinde tasarlanan yap\u0131sal de\u011fi\u015fikliklere uygun de\u011filse veya iskelenin genel olarak al\u0131\u015f\u0131lm\u0131\u015f standart konfig\u00fcrasyonlara uygun yap\u0131da imal edilmemi\u015f oldu\u011fu durumlarda bunlar\u0131n sa\u011flaml\u0131k ve dayan\u0131kl\u0131l\u0131k hesaplar\u0131 ile iskelelerin kurma, kullanma ve s\u00f6kme plan\u0131 haz\u0131rlan\u0131r.<\/p>\n<p><strong>SAFER TEKN\u0130K<\/strong> olarak 6331 say\u0131l\u0131 kanun \u00e7er\u00e7evesinde in\u015faat m\u00fchendislerimizce ger\u00e7ekle\u015ftirilen periyodik kontroller neticesinde, d\u00fczenlenen raporlar, i\u015f m\u00fcfetti\u015fleri ve di\u011fer denetleyici makamlar taraf\u0131ndan kabul edilmektedir.<\/p>\n<p><strong>\u0130SKELE M\u00dcHEND\u0130SL\u0130K H\u0130ZMETLER\u0130M\u0130Z;<\/strong><\/p>\n<ul>\n<li>Cephe \u0130skeleleri Periyodik Kontrol\u00fc<\/li>\n<li>Seyyar \u0130skele Periyodik Kontrol\u00fc<\/li>\n<li>Kal\u0131p \u0130skeleleri Periyodik Kontrol\u00fc<\/li>\n<li>Ah\u015fap \u0130skele Periyodik Kontrol\u00fc<\/li>\n<li>\u0130skele Kurma, Kullanma ve S\u00f6kme Plan\u0131n\u0131n Haz\u0131rlanmas\u0131<\/li>\n<li>\u0130skele Sa\u011flaml\u0131k ve Dayan\u0131kl\u0131l\u0131k Hesab\u0131n\u0131n yap\u0131lmas\u0131\/Statik hesaplar<\/li>\n<\/ul>\n<p>[\/vc_column_text][vc_empty_space height=&#8221;10px&#8221;][\/vc_column][\/vc_row]<\/p>\n<\/div>","protected":false},"excerpt":{"rendered":"<p>[vc_row height=&#8221;auto&#8221; bg_type=&#8221;bg_color&#8221; bg_color_value=&#8221;#3b4655&#8243;][vc_column][vc_empty_space height=&#8221;20px&#8221;][vc_column_text] \u0130\u015f Ekipmanlar\u0131n\u0131n Kullan\u0131m\u0131nda Sa\u011fl\u0131k ve G\u00fcvenlik \u015eartlar\u0131 Y\u00f6netmeli\u011fince, aksi belirtilmedi\u011fi taktirde Yap\u0131 \u0130skeleleri kontrolleri 6 Ayda bir zorunludur. EN 12811 Standartlar\u0131nda belirtilen kriterlere uygun olarak, yap\u0131 iskelesi periyodik kontrolleri yap\u0131l\u0131r. [\/vc_column_text][vc_empty_space height=&#8221;5px&#8221;][\/vc_column][\/vc_row][vc_row height=&#8221;auto&#8221;][vc_column][vc_column_text]Kullan\u0131lan iskelenin sa\u011flaml\u0131k ve dayan\u0131kl\u0131l\u0131k hesab\u0131 mevcut de\u011filse veya var olan hesaplar se\u00e7ilen iskele tipinde tasarlanan yap\u0131sal de\u011fi\u015fikliklere [&hellip;]<\/p>\n","protected":false},"author":1,"featured_media":0,"parent":1251,"menu_order":0,"comment_status":"closed","ping_status":"closed","template":"","meta":{"footnotes":""},"class_list":["post-1272","page","type-page","status-publish","hentry"],"_links":{"self":[{"href":"https:\/\/saferteknik.com\/index.php\/wp-json\/wp\/v2\/pages\/1272","targetHints":{"allow":["GET"]}}],"collection":[{"href":"https:\/\/saferteknik.com\/index.php\/wp-json\/wp\/v2\/pages"}],"about":[{"href":"https:\/\/saferteknik.com\/index.php\/wp-json\/wp\/v2\/types\/page"}],"author":[{"embeddable":true,"href":"https:\/\/saferteknik.com\/index.php\/wp-json\/wp\/v2\/users\/1"}],"replies":[{"embeddable":true,"href":"https:\/\/saferteknik.com\/index.php\/wp-json\/wp\/v2\/comments?post=1272"}],"version-history":[{"count":3,"href":"https:\/\/saferteknik.com\/index.php\/wp-json\/wp\/v2\/pages\/1272\/revisions"}],"predecessor-version":[{"id":1275,"href":"https:\/\/saferteknik.com\/index.php\/wp-json\/wp\/v2\/pages\/1272\/revisions\/1275"}],"up":[{"embeddable":true,"href":"https:\/\/saferteknik.com\/index.php\/wp-json\/wp\/v2\/pages\/1251"}],"wp:attachment":[{"href":"https:\/\/saferteknik.com\/index.php\/wp-json\/wp\/v2\/media?parent=1272"}],"curies":[{"name":"wp","href":"https:\/\/api.w.org\/{rel}","templated":true}]}}