{"id":1256,"date":"2025-03-11T13:36:48","date_gmt":"2025-03-11T10:36:48","guid":{"rendered":"https:\/\/saferteknik.com\/?page_id=1256"},"modified":"2025-11-26T15:55:29","modified_gmt":"2025-11-26T12:55:29","slug":"kaldirma-ve-iletme-ekipmanlarinin-periyodik-kontrolu","status":"publish","type":"page","link":"https:\/\/saferteknik.com\/index.php\/periyodik-kontroller\/kaldirma-ve-iletme-ekipmanlarinin-periyodik-kontrolu\/","title":{"rendered":"KALDIRMA VE \u0130LETME EK\u0130PMANLARININ PER\u0130YOD\u0130K KONTROL\u00dc"},"content":{"rendered":"<div class=\"wpb-content-wrapper\"><p>[vc_row height=&#8221;auto&#8221; bg_type=&#8221;bg_color&#8221; bg_color_value=&#8221;#efefef&#8221;][vc_column][vc_empty_space height=&#8221;20px&#8221;][vc_column_text]\u0130\u015fletmelerdeki t\u00fcm kald\u0131rma ve iletme ekipmanlar\u0131n\u0131n periyodik muayene ve test i\u015flemleri genel itibari ile ilgili imalat ve kullan\u0131m standartlar\u0131nca statik ve dinamik test (Y\u00fck Testi) metotlar\u0131 ile beraber mevzuatta belirtilen kriterler do\u011frultusunda kald\u0131rma ve iletme ekipmanlar\u0131n\u0131n periyodik kontrolleri yap\u0131l\u0131r.[\/vc_column_text][vc_empty_space height=&#8221;5px&#8221;][\/vc_column][\/vc_row][vc_row height=&#8221;auto&#8221;][vc_column][vc_column_text css=&#8221;&#8221; css_params=&#8221;&#8221;]Standartlarda aksi belirtilmedi\u011fi s\u00fcrece, kald\u0131rma ve iletme ekipmanlar\u0131, beyan edilen y\u00fck\u00fcn en az 1,25 kat\u0131nda test edilir. Test sonucunda y\u00fck\u00fcn etkili ve g\u00fcvenli bir \u015fekilde kald\u0131rma ve ask\u0131da tutabilme fonksiyonlar\u0131, bunlar\u0131n bu y\u00fcke dayan\u0131kl\u0131l\u0131\u011f\u0131 ve y\u00fck fren sistemleri kontrol edilir.<\/p>\n<p><strong>SAFER TEKN\u0130K<\/strong> olarak 6331 say\u0131l\u0131 kanun \u00e7er\u00e7evesinde makine m\u00fchendislerimizce ger\u00e7ekle\u015ftirilen periyodik kontroller neticesinde, d\u00fczenlenen raporlar, i\u015f m\u00fcfetti\u015fleri ve di\u011fer denetleyici makamlar taraf\u0131ndan kabul edilmektedir.<\/p>\n<p><strong>KALDIRMA VE \u0130LETME EK\u0130PMANLARI KONTROLLER\u0130M\u0130Z;<\/strong><\/p>\n<ul>\n<li>Vin\u00e7\/Caraskal<\/li>\n<li>Forklift\/Transpalet<\/li>\n<li>Lift\/Ara\u00e7 liftleri<\/li>\n<li>Platform\/ \u0130stif makinalar\u0131<\/li>\n<li>Konvey\u00f6r ve band sistemleri<\/li>\n<li>Kule vin\u00e7\/mobil vin\u00e7<\/li>\n<\/ul>\n<p>[\/vc_column_text][vc_empty_space height=&#8221;10px&#8221;][\/vc_column][\/vc_row]<\/p>\n<\/div>","protected":false},"excerpt":{"rendered":"<p>[vc_row height=&#8221;auto&#8221; bg_type=&#8221;bg_color&#8221; bg_color_value=&#8221;#efefef&#8221;][vc_column][vc_empty_space height=&#8221;20px&#8221;][vc_column_text]\u0130\u015fletmelerdeki t\u00fcm kald\u0131rma ve iletme ekipmanlar\u0131n\u0131n periyodik muayene ve test i\u015flemleri genel itibari ile ilgili imalat ve kullan\u0131m standartlar\u0131nca statik ve dinamik test (Y\u00fck Testi) metotlar\u0131 ile beraber mevzuatta belirtilen kriterler do\u011frultusunda kald\u0131rma ve iletme ekipmanlar\u0131n\u0131n periyodik kontrolleri yap\u0131l\u0131r.[\/vc_column_text][vc_empty_space height=&#8221;5px&#8221;][\/vc_column][\/vc_row][vc_row height=&#8221;auto&#8221;][vc_column][vc_column_text css=&#8221;&#8221; css_params=&#8221;&#8221;]Standartlarda aksi belirtilmedi\u011fi s\u00fcrece, kald\u0131rma ve iletme ekipmanlar\u0131, beyan [&hellip;]<\/p>\n","protected":false},"author":1,"featured_media":0,"parent":1251,"menu_order":0,"comment_status":"closed","ping_status":"closed","template":"","meta":{"footnotes":""},"class_list":["post-1256","page","type-page","status-publish","hentry"],"_links":{"self":[{"href":"https:\/\/saferteknik.com\/index.php\/wp-json\/wp\/v2\/pages\/1256","targetHints":{"allow":["GET"]}}],"collection":[{"href":"https:\/\/saferteknik.com\/index.php\/wp-json\/wp\/v2\/pages"}],"about":[{"href":"https:\/\/saferteknik.com\/index.php\/wp-json\/wp\/v2\/types\/page"}],"author":[{"embeddable":true,"href":"https:\/\/saferteknik.com\/index.php\/wp-json\/wp\/v2\/users\/1"}],"replies":[{"embeddable":true,"href":"https:\/\/saferteknik.com\/index.php\/wp-json\/wp\/v2\/comments?post=1256"}],"version-history":[{"count":3,"href":"https:\/\/saferteknik.com\/index.php\/wp-json\/wp\/v2\/pages\/1256\/revisions"}],"predecessor-version":[{"id":24731,"href":"https:\/\/saferteknik.com\/index.php\/wp-json\/wp\/v2\/pages\/1256\/revisions\/24731"}],"up":[{"embeddable":true,"href":"https:\/\/saferteknik.com\/index.php\/wp-json\/wp\/v2\/pages\/1251"}],"wp:attachment":[{"href":"https:\/\/saferteknik.com\/index.php\/wp-json\/wp\/v2\/media?parent=1256"}],"curies":[{"name":"wp","href":"https:\/\/api.w.org\/{rel}","templated":true}]}}