{"id":1250,"date":"2025-03-11T13:29:39","date_gmt":"2025-03-11T10:29:39","guid":{"rendered":"https:\/\/saferteknik.com\/?page_id=1250"},"modified":"2025-03-14T16:58:38","modified_gmt":"2025-03-14T13:58:38","slug":"basincli-kaplarin-periyodik-kontrolu","status":"publish","type":"page","link":"https:\/\/saferteknik.com\/index.php\/periyodik-kontroller\/basincli-kaplarin-periyodik-kontrolu\/","title":{"rendered":"BASIN\u00c7LI KAPLARIN PER\u0130YOD\u0130K KONTROL\u00dc"},"content":{"rendered":"<div class=\"wpb-content-wrapper\"><p>[vc_row height=&#8221;auto&#8221; bg_type=&#8221;bg_color&#8221; bg_color_value=&#8221;#efefef&#8221;][vc_column][vc_empty_space height=&#8221;20px&#8221;][vc_column_text]\u0130\u015fletmelerdeki t\u00fcm bas\u0131n\u00e7l\u0131 kaplar\u0131n periyodik muayene ve test i\u015flemleri genel itibari ile\u00a0ilgili imalat ve kullan\u0131m standartlar\u0131nca hidrostatik test (Bas\u0131n\u00e7 Testi) metotlar\u0131 ile\u00a0beraber mevzuatta belirtilen kriterler do\u011frultusunda bas\u0131n\u00e7l\u0131 kaplar\u0131n periyodik\u00a0kontrolleri yap\u0131l\u0131r.[\/vc_column_text][vc_empty_space height=&#8221;0px&#8221;][\/vc_column][\/vc_row][vc_row height=&#8221;auto&#8221; css=&#8221;.vc_custom_1495988723642{margin-top: 0px !important;}&#8221;][vc_column][vc_empty_space height=&#8221;5px&#8221;][vc_column_text]Periyodik kontrol aral\u0131\u011f\u0131 ve kriterleri standartlar ile belirlenmemi\u015f i\u015f ekipmanlar\u0131n\u0131n periyodik kontrolleri, varsa imalat\u00e7\u0131n\u0131n \u00f6ng\u00f6rd\u00fc\u011f\u00fc aral\u0131k ve kriterlerde yap\u0131l\u0131r. Bu hususlar, imalat\u00e7\u0131 taraf\u0131ndan belirlenmemi\u015f ise i\u015f ekipman\u0131n\u0131n periyodik kontrol\u00fc, bulundu\u011fu i\u015fyeri ortam ko\u015fullar\u0131, kullan\u0131m s\u0131kl\u0131\u011f\u0131 ile kullan\u0131m s\u00fcresi gibi fakt\u00f6rler g\u00f6z \u00f6n\u00fcnde bulundurularak, yap\u0131lacak risk de\u011ferlendirmesi sonu\u00e7lar\u0131na g\u00f6re, belirlenecek aral\u0131klarda yap\u0131l\u0131r.<\/p>\n<p><strong>SAFER TEKN\u0130K<\/strong> olarak 6331 say\u0131l\u0131 kanun \u00e7er\u00e7evesinde makine m\u00fchendislerimizce ger\u00e7ekle\u015ftirilen periyodik kontroller neticesinde, d\u00fczenlenen raporlar, i\u015f m\u00fcfetti\u015fleri ve di\u011fer denetleyici makamlar taraf\u0131ndan kabul edilmektedir.<\/p>\n<p><strong>BASIN\u00c7LI KAP\u00a0KONTROLLER\u0130M\u0130Z;<\/strong><\/p>\n<ul>\n<li>Kompres\u00f6r ve hava tanklar\u0131<\/li>\n<li>Genle\u015fme tank\u0131\/hidrofor tank\u0131<\/li>\n<li>Boyler\/Otoklav<\/li>\n<li>Buhar kazan\u0131<\/li>\n<li>Kalorifer kazan\u0131<\/li>\n<li>S\u0131cak su kazan\u0131<\/li>\n<\/ul>\n<p>[\/vc_column_text][\/vc_column][\/vc_row]<\/p>\n<\/div>","protected":false},"excerpt":{"rendered":"<p>[vc_row height=&#8221;auto&#8221; bg_type=&#8221;bg_color&#8221; bg_color_value=&#8221;#efefef&#8221;][vc_column][vc_empty_space height=&#8221;20px&#8221;][vc_column_text]\u0130\u015fletmelerdeki t\u00fcm bas\u0131n\u00e7l\u0131 kaplar\u0131n periyodik muayene ve test i\u015flemleri genel itibari ile\u00a0ilgili imalat ve kullan\u0131m standartlar\u0131nca hidrostatik test (Bas\u0131n\u00e7 Testi) metotlar\u0131 ile\u00a0beraber mevzuatta belirtilen kriterler do\u011frultusunda bas\u0131n\u00e7l\u0131 kaplar\u0131n periyodik\u00a0kontrolleri yap\u0131l\u0131r.[\/vc_column_text][vc_empty_space height=&#8221;0px&#8221;][\/vc_column][\/vc_row][vc_row height=&#8221;auto&#8221; css=&#8221;.vc_custom_1495988723642{margin-top: 0px !important;}&#8221;][vc_column][vc_empty_space height=&#8221;5px&#8221;][vc_column_text]Periyodik kontrol aral\u0131\u011f\u0131 ve kriterleri standartlar ile belirlenmemi\u015f i\u015f ekipmanlar\u0131n\u0131n periyodik kontrolleri, varsa imalat\u00e7\u0131n\u0131n \u00f6ng\u00f6rd\u00fc\u011f\u00fc aral\u0131k [&hellip;]<\/p>\n","protected":false},"author":1,"featured_media":0,"parent":1251,"menu_order":0,"comment_status":"closed","ping_status":"closed","template":"","meta":{"footnotes":""},"class_list":["post-1250","page","type-page","status-publish","hentry"],"_links":{"self":[{"href":"https:\/\/saferteknik.com\/index.php\/wp-json\/wp\/v2\/pages\/1250","targetHints":{"allow":["GET"]}}],"collection":[{"href":"https:\/\/saferteknik.com\/index.php\/wp-json\/wp\/v2\/pages"}],"about":[{"href":"https:\/\/saferteknik.com\/index.php\/wp-json\/wp\/v2\/types\/page"}],"author":[{"embeddable":true,"href":"https:\/\/saferteknik.com\/index.php\/wp-json\/wp\/v2\/users\/1"}],"replies":[{"embeddable":true,"href":"https:\/\/saferteknik.com\/index.php\/wp-json\/wp\/v2\/comments?post=1250"}],"version-history":[{"count":2,"href":"https:\/\/saferteknik.com\/index.php\/wp-json\/wp\/v2\/pages\/1250\/revisions"}],"predecessor-version":[{"id":1258,"href":"https:\/\/saferteknik.com\/index.php\/wp-json\/wp\/v2\/pages\/1250\/revisions\/1258"}],"up":[{"embeddable":true,"href":"https:\/\/saferteknik.com\/index.php\/wp-json\/wp\/v2\/pages\/1251"}],"wp:attachment":[{"href":"https:\/\/saferteknik.com\/index.php\/wp-json\/wp\/v2\/media?parent=1250"}],"curies":[{"name":"wp","href":"https:\/\/api.w.org\/{rel}","templated":true}]}}