{"id":1233,"date":"2025-03-10T21:06:50","date_gmt":"2025-03-10T18:06:50","guid":{"rendered":"https:\/\/saferteknik.com\/?page_id=1233"},"modified":"2025-03-10T21:07:54","modified_gmt":"2025-03-10T18:07:54","slug":"isyeri-gaz-buhar-olcumu","status":"publish","type":"page","link":"https:\/\/saferteknik.com\/index.php\/ortam-olcumleri\/isyeri-gaz-buhar-olcumu\/","title":{"rendered":"\u0130\u015eYER\u0130 GAZ BUHAR \u00d6L\u00c7\u00dcM\u00dc"},"content":{"rendered":"<div class=\"wpb-content-wrapper\"><p>[vc_row content_placement=&#8221;middle&#8221; height=&#8221;auto&#8221; bg_type=&#8221;bg_color&#8221; bg_color_value=&#8221;#efefef&#8221; css=&#8221;.vc_custom_1496606800428{padding-top: -50px !important;padding-bottom: -50px !important;}&#8221;][vc_column][vc_empty_space height=&#8221;20px&#8221;][vc_column_text]\u00c7al\u0131\u015fma ortam\u0131nda \u00e7al\u0131\u015fanlar\u0131n sa\u011fl\u0131k ve g\u00fcvenlikleri i\u00e7in risk olu\u015fturan \u00e7e\u015fitli maddelerin varl\u0131\u011f\u0131 ve etkilerinin saptanmas\u0131, kontrol alt\u0131na al\u0131nmas\u0131 amac\u0131yla i\u00e7 ortam gaz ve kimyasal \u00f6l\u00e7\u00fcmleri yap\u0131lmal\u0131d\u0131r. \u00d6zellikle Boya, kaynak i\u015fleri, \u00e7inko, demir, krom, kur\u015fun vb. metallerin eritilmesi ve d\u00f6k\u00fcm i\u015flemleri, PVC, plastik ve t\u00fcrevlerinin \u0131s\u0131l i\u015flemleri, asit, solvent ve tahri\u015f edici kimyasallar\u0131n kullan\u0131ld\u0131\u011f\u0131 i\u015flerde ortama yay\u0131lan gazlar\u0131n uzun s\u00fcreli solunmas\u0131 \u00e7e\u015fitli meslek hastal\u0131klar\u0131na neden olmaktad\u0131r. Solunan hava kalitesinin s\u00fcrekli izlenerek, sonu\u00e7lar\u0131n mevzuatta belirtilen maruziyet s\u0131n\u0131r de\u011ferleri ge\u00e7mesi durumunda gerekli \u00f6nlem ve tedbirleri alarak meslek hastal\u0131\u011f\u0131 riskini azaltabilirsiniz.[\/vc_column_text][vc_empty_space height=&#8221;0px&#8221;][\/vc_column][\/vc_row][vc_row height=&#8221;auto&#8221; css=&#8221;.vc_custom_1495988000222{margin-top: 0px !important;}&#8221;][vc_column][vc_empty_space height=&#8221;10px&#8221;][vc_column_text]<strong>SAFER Teknik<\/strong> olarak, \u00c7al\u0131\u015fma ortam\u0131ndaki gaz ve kimyasallar\u0131n \u00f6l\u00e7\u00fcmlerini yapmaktay\u0131z. T\u00fcm \u00f6l\u00e7\u00fcmler yasalar ve y\u00f6netmeliklerde belirtilen metot, cihaz ve \u00f6l\u00e7\u00fcm teknikleri ile konusunda uzman personellerimiz taraf\u0131ndan yap\u0131lmakta olup \u00f6l\u00e7me, analiz ve de\u011ferlendirme sonu\u00e7lar\u0131 rapor halinde sunulmaktad\u0131r.<\/p>\n<p><strong>Kimyasal Gaz ve Buharlar\u0131n Zararlar\u0131:<\/strong><\/p>\n<ul>\n<li>Dikkatin da\u011f\u0131lmas\u0131n\u0131 ve kaza riskini art\u0131r\u0131r<\/li>\n<li>Deri hastal\u0131\u011f\u0131 olu\u015ftururlar<\/li>\n<li>Havadaki oksijeni d\u00fc\u015f\u00fcrerek bo\u011fucu etki yapar<\/li>\n<li>Solunum sistemini tahri\u015f ederler<\/li>\n<li>Gazlar ve kimyasallarmeslek hastal\u0131\u011f\u0131 yapar<\/li>\n<\/ul>\n<p>[\/vc_column_text][vc_empty_space height=&#8221;10px&#8221;][\/vc_column][\/vc_row]<\/p>\n<\/div>","protected":false},"excerpt":{"rendered":"<p>[vc_row content_placement=&#8221;middle&#8221; height=&#8221;auto&#8221; bg_type=&#8221;bg_color&#8221; bg_color_value=&#8221;#efefef&#8221; css=&#8221;.vc_custom_1496606800428{padding-top: -50px !important;padding-bottom: -50px !important;}&#8221;][vc_column][vc_empty_space height=&#8221;20px&#8221;][vc_column_text]\u00c7al\u0131\u015fma ortam\u0131nda \u00e7al\u0131\u015fanlar\u0131n sa\u011fl\u0131k ve g\u00fcvenlikleri i\u00e7in risk olu\u015fturan \u00e7e\u015fitli maddelerin varl\u0131\u011f\u0131 ve etkilerinin saptanmas\u0131, kontrol alt\u0131na al\u0131nmas\u0131 amac\u0131yla i\u00e7 ortam gaz ve kimyasal \u00f6l\u00e7\u00fcmleri yap\u0131lmal\u0131d\u0131r. \u00d6zellikle Boya, kaynak i\u015fleri, \u00e7inko, demir, krom, kur\u015fun vb. metallerin eritilmesi ve d\u00f6k\u00fcm i\u015flemleri, PVC, plastik ve t\u00fcrevlerinin \u0131s\u0131l [&hellip;]<\/p>\n","protected":false},"author":1,"featured_media":0,"parent":17,"menu_order":0,"comment_status":"closed","ping_status":"closed","template":"","meta":{"footnotes":""},"class_list":["post-1233","page","type-page","status-publish","hentry"],"_links":{"self":[{"href":"https:\/\/saferteknik.com\/index.php\/wp-json\/wp\/v2\/pages\/1233","targetHints":{"allow":["GET"]}}],"collection":[{"href":"https:\/\/saferteknik.com\/index.php\/wp-json\/wp\/v2\/pages"}],"about":[{"href":"https:\/\/saferteknik.com\/index.php\/wp-json\/wp\/v2\/types\/page"}],"author":[{"embeddable":true,"href":"https:\/\/saferteknik.com\/index.php\/wp-json\/wp\/v2\/users\/1"}],"replies":[{"embeddable":true,"href":"https:\/\/saferteknik.com\/index.php\/wp-json\/wp\/v2\/comments?post=1233"}],"version-history":[{"count":3,"href":"https:\/\/saferteknik.com\/index.php\/wp-json\/wp\/v2\/pages\/1233\/revisions"}],"predecessor-version":[{"id":1236,"href":"https:\/\/saferteknik.com\/index.php\/wp-json\/wp\/v2\/pages\/1233\/revisions\/1236"}],"up":[{"embeddable":true,"href":"https:\/\/saferteknik.com\/index.php\/wp-json\/wp\/v2\/pages\/17"}],"wp:attachment":[{"href":"https:\/\/saferteknik.com\/index.php\/wp-json\/wp\/v2\/media?parent=1233"}],"curies":[{"name":"wp","href":"https:\/\/api.w.org\/{rel}","templated":true}]}}